{"id":37,"date":"2024-10-05T14:31:28","date_gmt":"2024-10-05T17:31:28","guid":{"rendered":"https:\/\/cursosbecados.com\/portal\/?page_id=37"},"modified":"2025-08-21T15:53:10","modified_gmt":"2025-08-21T18:53:10","slug":"acerca-nuestro","status":"publish","type":"page","link":"https:\/\/cursosbecados.com\/portal\/acerca-nuestro\/","title":{"rendered":"Acerca nuestro"},"content":{"rendered":"<p style=\"background: #d9d9d9;\"><strong>Quienes Somos:<\/strong><\/p>\n<p style=\"text-align: justify;\">Desde 1984 hemos desarrollado Cursos Becados a Distancia que le ofrece a j\u00f3venes y adultos, de Argentina y Pa\u00edses de habla Hispana, de todas las edades, la posibilidad de lograr una vida laboral exitosa, eligiendo una formaci\u00f3n acad\u00e9mica desde la comodidad de su hogar, sin horarios y sin necesidad de estudios previos.<\/p>\n<p style=\"text-align: justify;\">El Centro de Capacitaci\u00f3n en Recursos Humanos ofrece sus cursos bajo Licencia del Instituto Profesional. Inscripto exclusivamente a los efectos laborales ante el MINISTERIO DE CULTURA Y EDUCACI\u00d3N, Superintendencia Nacional de la Ense\u00f1anza Privada, SNEP, Ley 13.047 Art. 2\u00b0, Inciso c, no oficial, nivel academia, Por Actuaci\u00f3n N\u00b0 18.097\/84, impartiendo ense\u00f1anza y certificados privados.<\/p>\n<p style=\"background: #d9d9d9;\"><strong>Misi\u00f3n:<\/strong><\/p>\n<ul>\n<li>Brindar formaci\u00f3n acad\u00e9mica integral de calidad.<\/li>\n<li>Asegurar a los alumnos el acceso a una formaci\u00f3n adecuada y permanente.<\/li>\n<li>Potenciar las capacidades de los alumnos a trav\u00e9s de nuestra metodolog\u00eda de ense\u00f1anza-aprendizaje.<\/li>\n<\/ul>\n<p style=\"background: #d9d9d9;\"><strong>Visi\u00f3n:<\/strong><\/p>\n<ul>\n<li>Ofrecer a la sociedad alumnos capacitados para su desarrollo personal y profesional.<\/li>\n<li>Responder a las necesidades del alumnado atendiendo a las nuevas demandas sociales:\n<ul>\n<li>La educaci\u00f3n permanente.<\/li>\n<li>El desarrollo integral.<\/li>\n<li>El aprender a aprender.<\/li>\n<li>La autonom\u00eda y el desarrollo intelectual.<\/li>\n<\/ul>\n<\/li>\n<\/ul>\n<p style=\"background: #d9d9d9;\"><strong>Valores:<\/strong><\/p>\n<p style=\"text-align: justify;\">Los valores en que pretendemos basarnos son los siguientes:<\/p>\n<ul>\n<li>Respeto.<\/li>\n<li>Aprendizaje continuo.<\/li>\n<li>Constancia y superaci\u00f3n.<\/li>\n<li>Solidaridad.<\/li>\n<li>Igualdad.<\/li>\n<li>Autonom\u00eda.<\/li>\n<\/ul>\n<p>&nbsp;<\/p>\n<p><strong>Contacto:\u00a0 <\/strong><a href=\"mailto:secretaria@cursosbecados.com\">secretaria@cursosbecados.com<\/a><\/p>\n","protected":false},"excerpt":{"rendered":"<p>Quienes Somos: Desde 1984 hemos desarrollado Cursos Becados a Distancia que le ofrece a j\u00f3venes y adultos, de Argentina y Pa\u00edses de [&hellip;]<\/p>\n","protected":false},"author":1,"featured_media":0,"parent":0,"menu_order":1,"comment_status":"closed","ping_status":"closed","template":"page-templates\/page_fullwidth.php","meta":{"_joinchat":[],"footnotes":""},"class_list":["post-37","page","type-page","status-publish","hentry"],"yoast_head":"<!-- This site is optimized with the Yoast SEO plugin v26.0 - https:\/\/yoast.com\/wordpress\/plugins\/seo\/ -->\n<title>Acerca nuestro - Cursos Becados<\/title>\n<meta name=\"robots\" content=\"index, follow, max-snippet:-1, max-image-preview:large, max-video-preview:-1\" \/>\n<link rel=\"canonical\" href=\"https:\/\/cursosbecados.com\/portal\/acerca-nuestro\/\" \/>\n<meta property=\"og:locale\" content=\"es_ES\" \/>\n<meta property=\"og:type\" content=\"article\" \/>\n<meta property=\"og:title\" content=\"Acerca nuestro - Cursos Becados\" \/>\n<meta property=\"og:description\" content=\"Quienes Somos: Desde 1984 hemos desarrollado Cursos Becados a Distancia que le ofrece a j\u00f3venes y adultos, de Argentina y Pa\u00edses de [&hellip;]\" \/>\n<meta property=\"og:url\" content=\"https:\/\/cursosbecados.com\/portal\/acerca-nuestro\/\" \/>\n<meta property=\"og:site_name\" content=\"Cursos Becados\" \/>\n<meta property=\"article:modified_time\" content=\"2025-08-21T18:53:10+00:00\" \/>\n<meta name=\"twitter:card\" content=\"summary_large_image\" \/>\n<meta name=\"twitter:label1\" content=\"Tiempo de lectura\" \/>\n\t<meta name=\"twitter:data1\" content=\"1 minuto\" \/>\n<script type=\"application\/ld+json\" class=\"yoast-schema-graph\">{\"@context\":\"https:\/\/schema.org\",\"@graph\":[{\"@type\":\"WebPage\",\"@id\":\"https:\/\/cursosbecados.com\/portal\/acerca-nuestro\/\",\"url\":\"https:\/\/cursosbecados.com\/portal\/acerca-nuestro\/\",\"name\":\"Acerca nuestro - Cursos Becados\",\"isPartOf\":{\"@id\":\"https:\/\/cursosbecados.com\/portal\/#website\"},\"datePublished\":\"2024-10-05T17:31:28+00:00\",\"dateModified\":\"2025-08-21T18:53:10+00:00\",\"breadcrumb\":{\"@id\":\"https:\/\/cursosbecados.com\/portal\/acerca-nuestro\/#breadcrumb\"},\"inLanguage\":\"es-AR\",\"potentialAction\":[{\"@type\":\"ReadAction\",\"target\":[\"https:\/\/cursosbecados.com\/portal\/acerca-nuestro\/\"]}]},{\"@type\":\"BreadcrumbList\",\"@id\":\"https:\/\/cursosbecados.com\/portal\/acerca-nuestro\/#breadcrumb\",\"itemListElement\":[{\"@type\":\"ListItem\",\"position\":1,\"name\":\"Home\",\"item\":\"https:\/\/cursosbecados.com\/portal\/\"},{\"@type\":\"ListItem\",\"position\":2,\"name\":\"Acerca nuestro\"}]},{\"@type\":\"WebSite\",\"@id\":\"https:\/\/cursosbecados.com\/portal\/#website\",\"url\":\"https:\/\/cursosbecados.com\/portal\/\",\"name\":\"Cursos Becados\",\"description\":\"El futuro en tus manos\",\"potentialAction\":[{\"@type\":\"SearchAction\",\"target\":{\"@type\":\"EntryPoint\",\"urlTemplate\":\"https:\/\/cursosbecados.com\/portal\/?s={search_term_string}\"},\"query-input\":{\"@type\":\"PropertyValueSpecification\",\"valueRequired\":true,\"valueName\":\"search_term_string\"}}],\"inLanguage\":\"es-AR\"}]}<\/script>\n<!-- \/ Yoast SEO plugin. -->","yoast_head_json":{"title":"Acerca nuestro - Cursos Becados","robots":{"index":"index","follow":"follow","max-snippet":"max-snippet:-1","max-image-preview":"max-image-preview:large","max-video-preview":"max-video-preview:-1"},"canonical":"https:\/\/cursosbecados.com\/portal\/acerca-nuestro\/","og_locale":"es_ES","og_type":"article","og_title":"Acerca nuestro - Cursos Becados","og_description":"Quienes Somos: Desde 1984 hemos desarrollado Cursos Becados a Distancia que le ofrece a j\u00f3venes y adultos, de Argentina y Pa\u00edses de [&hellip;]","og_url":"https:\/\/cursosbecados.com\/portal\/acerca-nuestro\/","og_site_name":"Cursos Becados","article_modified_time":"2025-08-21T18:53:10+00:00","twitter_card":"summary_large_image","twitter_misc":{"Tiempo de lectura":"1 minuto"},"schema":{"@context":"https:\/\/schema.org","@graph":[{"@type":"WebPage","@id":"https:\/\/cursosbecados.com\/portal\/acerca-nuestro\/","url":"https:\/\/cursosbecados.com\/portal\/acerca-nuestro\/","name":"Acerca nuestro - Cursos Becados","isPartOf":{"@id":"https:\/\/cursosbecados.com\/portal\/#website"},"datePublished":"2024-10-05T17:31:28+00:00","dateModified":"2025-08-21T18:53:10+00:00","breadcrumb":{"@id":"https:\/\/cursosbecados.com\/portal\/acerca-nuestro\/#breadcrumb"},"inLanguage":"es-AR","potentialAction":[{"@type":"ReadAction","target":["https:\/\/cursosbecados.com\/portal\/acerca-nuestro\/"]}]},{"@type":"BreadcrumbList","@id":"https:\/\/cursosbecados.com\/portal\/acerca-nuestro\/#breadcrumb","itemListElement":[{"@type":"ListItem","position":1,"name":"Home","item":"https:\/\/cursosbecados.com\/portal\/"},{"@type":"ListItem","position":2,"name":"Acerca nuestro"}]},{"@type":"WebSite","@id":"https:\/\/cursosbecados.com\/portal\/#website","url":"https:\/\/cursosbecados.com\/portal\/","name":"Cursos Becados","description":"El futuro en tus manos","potentialAction":[{"@type":"SearchAction","target":{"@type":"EntryPoint","urlTemplate":"https:\/\/cursosbecados.com\/portal\/?s={search_term_string}"},"query-input":{"@type":"PropertyValueSpecification","valueRequired":true,"valueName":"search_term_string"}}],"inLanguage":"es-AR"}]}},"_links":{"self":[{"href":"https:\/\/cursosbecados.com\/portal\/wp-json\/wp\/v2\/pages\/37","targetHints":{"allow":["GET"]}}],"collection":[{"href":"https:\/\/cursosbecados.com\/portal\/wp-json\/wp\/v2\/pages"}],"about":[{"href":"https:\/\/cursosbecados.com\/portal\/wp-json\/wp\/v2\/types\/page"}],"author":[{"embeddable":true,"href":"https:\/\/cursosbecados.com\/portal\/wp-json\/wp\/v2\/users\/1"}],"replies":[{"embeddable":true,"href":"https:\/\/cursosbecados.com\/portal\/wp-json\/wp\/v2\/comments?post=37"}],"version-history":[{"count":11,"href":"https:\/\/cursosbecados.com\/portal\/wp-json\/wp\/v2\/pages\/37\/revisions"}],"predecessor-version":[{"id":198,"href":"https:\/\/cursosbecados.com\/portal\/wp-json\/wp\/v2\/pages\/37\/revisions\/198"}],"wp:attachment":[{"href":"https:\/\/cursosbecados.com\/portal\/wp-json\/wp\/v2\/media?parent=37"}],"curies":[{"name":"wp","href":"https:\/\/api.w.org\/{rel}","templated":true}]}}