{"id":49,"date":"2024-10-05T16:29:34","date_gmt":"2024-10-05T19:29:34","guid":{"rendered":"https:\/\/cursosbecados.com\/portal\/?page_id=49"},"modified":"2025-07-15T11:59:35","modified_gmt":"2025-07-15T14:59:35","slug":"preguntas-frecuentes","status":"publish","type":"page","link":"https:\/\/cursosbecados.com\/portal\/preguntas-frecuentes\/","title":{"rendered":"Preguntas frecuentes"},"content":{"rendered":"<p style=\"text-align: justify;\"><strong>\u00bfCu\u00e1ndo inician los cursos?<\/strong><\/p>\n<p style=\"text-align: justify;\">En cualquier momento del a\u00f1o. Ud. decide la fecha de inicio y horarios de estudio.<\/p>\n<p style=\"text-align: justify;\"><strong>\u00bfEs necesario tener conocimientos previos?<\/strong><\/p>\n<p style=\"text-align: justify;\">No. No necesita tener conocimientos previos.<\/p>\n<p style=\"text-align: justify;\"><strong>\u00bfExiste l\u00edmite de edad para solicitar un curso?<\/strong><\/p>\n<p style=\"text-align: justify;\">No. No existe l\u00edmite de edad. S\u00ed deber\u00e1 ser mayor de 18 a\u00f1os.<\/p>\n<p style=\"text-align: justify;\"><strong>\u00bfCu\u00e1ndo recibo los materiales de estudio?<\/strong><\/p>\n<p style=\"text-align: justify;\">Una vez registrado y realizado el pago, quedar\u00e1 habilitado para acceder a los m\u00f3dulos del curso.<\/p>\n<p style=\"text-align: justify;\"><strong>\u00bfCu\u00e1nto tiempo dura el curso?<\/strong><\/p>\n<p style=\"text-align: justify;\">Depende de usted. Abona el curso completo, accede a la totalidad de los m\u00f3dulos y va completando las evaluaciones a su ritmo.<\/p>\n<p style=\"text-align: justify;\"><strong>\u00bfC\u00f3mo despejo dudas sobre el contenido de los m\u00f3dulos?<\/strong><\/p>\n<p style=\"text-align: justify;\">Puede realizar sus consultas por mail o WhatsApp.<\/p>\n<p style=\"text-align: justify;\"><strong>\u00bfHay evaluaciones presenciales?<\/strong><\/p>\n<p style=\"text-align: justify;\">No, todas las evaluaciones se realizan en forma virtual.<\/p>\n<p style=\"text-align: justify;\"><strong>\u00bfQu\u00e9 incluye el pago total del curso?<\/strong><\/p>\n<p style=\"text-align: justify;\">Incluye: Los m\u00f3dulos, las correcciones y la emisi\u00f3n del Diploma Acad\u00e9mico en PDF.<\/p>\n<p style=\"text-align: justify;\">No incluye el pago de la Matr\u00edcula de Inscripci\u00f3n.<\/p>\n<p style=\"text-align: justify;\"><strong>\u00bfPuedo hacer m\u00e1s de un curso a la vez?<\/strong><\/p>\n<p style=\"text-align: justify;\">Si, depende de su tiempo disponible y la dedicaci\u00f3n al estudio.<\/p>\n<p style=\"text-align: justify;\"><strong>\u00bfCu\u00e1les son las formas de pago?<\/strong><\/p>\n<p style=\"text-align: justify;\">Se abona mediante transferencia.<\/p>\n<p style=\"text-align: justify;\">\n<p style=\"background: #d9d9d9; text-align: center;\">Contacto: <a href=\"mailto:secretaria@cursosbecados.com\">secretaria@cursosbecados.com<\/a>.<\/p>\n","protected":false},"excerpt":{"rendered":"<p>\u00bfCu\u00e1ndo inician los cursos? En cualquier momento del a\u00f1o. Ud. decide la fecha de inicio y horarios de estudio. \u00bfEs necesario tener [&hellip;]<\/p>\n","protected":false},"author":1,"featured_media":0,"parent":0,"menu_order":4,"comment_status":"closed","ping_status":"closed","template":"page-templates\/page_fullwidth.php","meta":{"_joinchat":[],"footnotes":""},"class_list":["post-49","page","type-page","status-publish","hentry"],"yoast_head":"<!-- This site is optimized with the Yoast SEO plugin v26.0 - https:\/\/yoast.com\/wordpress\/plugins\/seo\/ -->\n<title>Preguntas frecuentes - Cursos Becados<\/title>\n<meta name=\"robots\" content=\"index, follow, max-snippet:-1, max-image-preview:large, max-video-preview:-1\" \/>\n<link rel=\"canonical\" href=\"https:\/\/cursosbecados.com\/portal\/preguntas-frecuentes\/\" \/>\n<meta property=\"og:locale\" content=\"es_ES\" \/>\n<meta property=\"og:type\" content=\"article\" \/>\n<meta property=\"og:title\" content=\"Preguntas frecuentes - Cursos Becados\" \/>\n<meta property=\"og:description\" content=\"\u00bfCu\u00e1ndo inician los cursos? En cualquier momento del a\u00f1o. Ud. decide la fecha de inicio y horarios de estudio. \u00bfEs necesario tener [&hellip;]\" \/>\n<meta property=\"og:url\" content=\"https:\/\/cursosbecados.com\/portal\/preguntas-frecuentes\/\" \/>\n<meta property=\"og:site_name\" content=\"Cursos Becados\" \/>\n<meta property=\"article:modified_time\" content=\"2025-07-15T14:59:35+00:00\" \/>\n<meta name=\"twitter:card\" content=\"summary_large_image\" \/>\n<meta name=\"twitter:label1\" content=\"Tiempo de lectura\" \/>\n\t<meta name=\"twitter:data1\" content=\"1 minuto\" \/>\n<script type=\"application\/ld+json\" class=\"yoast-schema-graph\">{\"@context\":\"https:\/\/schema.org\",\"@graph\":[{\"@type\":\"WebPage\",\"@id\":\"https:\/\/cursosbecados.com\/portal\/preguntas-frecuentes\/\",\"url\":\"https:\/\/cursosbecados.com\/portal\/preguntas-frecuentes\/\",\"name\":\"Preguntas frecuentes - Cursos Becados\",\"isPartOf\":{\"@id\":\"https:\/\/cursosbecados.com\/portal\/#website\"},\"datePublished\":\"2024-10-05T19:29:34+00:00\",\"dateModified\":\"2025-07-15T14:59:35+00:00\",\"breadcrumb\":{\"@id\":\"https:\/\/cursosbecados.com\/portal\/preguntas-frecuentes\/#breadcrumb\"},\"inLanguage\":\"es-AR\",\"potentialAction\":[{\"@type\":\"ReadAction\",\"target\":[\"https:\/\/cursosbecados.com\/portal\/preguntas-frecuentes\/\"]}]},{\"@type\":\"BreadcrumbList\",\"@id\":\"https:\/\/cursosbecados.com\/portal\/preguntas-frecuentes\/#breadcrumb\",\"itemListElement\":[{\"@type\":\"ListItem\",\"position\":1,\"name\":\"Home\",\"item\":\"https:\/\/cursosbecados.com\/portal\/\"},{\"@type\":\"ListItem\",\"position\":2,\"name\":\"Preguntas frecuentes\"}]},{\"@type\":\"WebSite\",\"@id\":\"https:\/\/cursosbecados.com\/portal\/#website\",\"url\":\"https:\/\/cursosbecados.com\/portal\/\",\"name\":\"Cursos Becados\",\"description\":\"El futuro en tus manos\",\"potentialAction\":[{\"@type\":\"SearchAction\",\"target\":{\"@type\":\"EntryPoint\",\"urlTemplate\":\"https:\/\/cursosbecados.com\/portal\/?s={search_term_string}\"},\"query-input\":{\"@type\":\"PropertyValueSpecification\",\"valueRequired\":true,\"valueName\":\"search_term_string\"}}],\"inLanguage\":\"es-AR\"}]}<\/script>\n<!-- \/ Yoast SEO plugin. -->","yoast_head_json":{"title":"Preguntas frecuentes - Cursos Becados","robots":{"index":"index","follow":"follow","max-snippet":"max-snippet:-1","max-image-preview":"max-image-preview:large","max-video-preview":"max-video-preview:-1"},"canonical":"https:\/\/cursosbecados.com\/portal\/preguntas-frecuentes\/","og_locale":"es_ES","og_type":"article","og_title":"Preguntas frecuentes - Cursos Becados","og_description":"\u00bfCu\u00e1ndo inician los cursos? En cualquier momento del a\u00f1o. Ud. decide la fecha de inicio y horarios de estudio. \u00bfEs necesario tener [&hellip;]","og_url":"https:\/\/cursosbecados.com\/portal\/preguntas-frecuentes\/","og_site_name":"Cursos Becados","article_modified_time":"2025-07-15T14:59:35+00:00","twitter_card":"summary_large_image","twitter_misc":{"Tiempo de lectura":"1 minuto"},"schema":{"@context":"https:\/\/schema.org","@graph":[{"@type":"WebPage","@id":"https:\/\/cursosbecados.com\/portal\/preguntas-frecuentes\/","url":"https:\/\/cursosbecados.com\/portal\/preguntas-frecuentes\/","name":"Preguntas frecuentes - Cursos Becados","isPartOf":{"@id":"https:\/\/cursosbecados.com\/portal\/#website"},"datePublished":"2024-10-05T19:29:34+00:00","dateModified":"2025-07-15T14:59:35+00:00","breadcrumb":{"@id":"https:\/\/cursosbecados.com\/portal\/preguntas-frecuentes\/#breadcrumb"},"inLanguage":"es-AR","potentialAction":[{"@type":"ReadAction","target":["https:\/\/cursosbecados.com\/portal\/preguntas-frecuentes\/"]}]},{"@type":"BreadcrumbList","@id":"https:\/\/cursosbecados.com\/portal\/preguntas-frecuentes\/#breadcrumb","itemListElement":[{"@type":"ListItem","position":1,"name":"Home","item":"https:\/\/cursosbecados.com\/portal\/"},{"@type":"ListItem","position":2,"name":"Preguntas frecuentes"}]},{"@type":"WebSite","@id":"https:\/\/cursosbecados.com\/portal\/#website","url":"https:\/\/cursosbecados.com\/portal\/","name":"Cursos Becados","description":"El futuro en tus manos","potentialAction":[{"@type":"SearchAction","target":{"@type":"EntryPoint","urlTemplate":"https:\/\/cursosbecados.com\/portal\/?s={search_term_string}"},"query-input":{"@type":"PropertyValueSpecification","valueRequired":true,"valueName":"search_term_string"}}],"inLanguage":"es-AR"}]}},"_links":{"self":[{"href":"https:\/\/cursosbecados.com\/portal\/wp-json\/wp\/v2\/pages\/49","targetHints":{"allow":["GET"]}}],"collection":[{"href":"https:\/\/cursosbecados.com\/portal\/wp-json\/wp\/v2\/pages"}],"about":[{"href":"https:\/\/cursosbecados.com\/portal\/wp-json\/wp\/v2\/types\/page"}],"author":[{"embeddable":true,"href":"https:\/\/cursosbecados.com\/portal\/wp-json\/wp\/v2\/users\/1"}],"replies":[{"embeddable":true,"href":"https:\/\/cursosbecados.com\/portal\/wp-json\/wp\/v2\/comments?post=49"}],"version-history":[{"count":19,"href":"https:\/\/cursosbecados.com\/portal\/wp-json\/wp\/v2\/pages\/49\/revisions"}],"predecessor-version":[{"id":129,"href":"https:\/\/cursosbecados.com\/portal\/wp-json\/wp\/v2\/pages\/49\/revisions\/129"}],"wp:attachment":[{"href":"https:\/\/cursosbecados.com\/portal\/wp-json\/wp\/v2\/media?parent=49"}],"curies":[{"name":"wp","href":"https:\/\/api.w.org\/{rel}","templated":true}]}}