{"id":61,"date":"2024-10-05T16:39:59","date_gmt":"2024-10-05T19:39:59","guid":{"rendered":"https:\/\/cursosbecados.com\/portal\/?page_id=61"},"modified":"2025-08-21T15:57:46","modified_gmt":"2025-08-21T18:57:46","slug":"aval-academico","status":"publish","type":"page","link":"https:\/\/cursosbecados.com\/portal\/aval-academico\/","title":{"rendered":"Aval acad\u00e9mico"},"content":{"rendered":"<p style=\"text-align: justify;\">Destinado a Profesionales e Instituciones Privadas de Pa\u00edses de habla hispana.<\/p>\n<p style=\"text-align: justify;\">El Centro de Capacitaci\u00f3n Superior de Recursos Humanos, ofrece Aval Acad\u00e9mico a Profesionales e Instituciones de Argentina y pa\u00edses de habla hispana, que dictan Cursos de Capacitaci\u00f3n y que a su finalizaci\u00f3n necesitan otorgar un Diploma o Certificado a sus alumnos.<\/p>\n<p style=\"text-align: justify;\">Los requisitos para otorgar el Aval, consiste en:<\/p>\n<ol style=\"text-align: justify;\">\n<li>Haber aprobado el Curso que dictar\u00e1.<\/li>\n<li>Tener Aprobado el Curso de CAPACITADOR\/A PROFESIONAL, que dicta nuestro Centro.<\/li>\n<li>Env\u00edo de una nota solicitando ese beneficio, adjuntando su CV., listado de cursos que dicta, duraci\u00f3n, temario, ciudad y Pa\u00eds donde se desempe\u00f1ar\u00e1.<\/li>\n<\/ol>\n<p style=\"text-align: justify;\">Analizada la propuesta por la Mesa Examinadora se realiza un legajo y se le notificar\u00e1 que a partir de esa fecha sus Certificados ser\u00e1n extendidos por el Centro de Capacitaci\u00f3n Superior en Recursos Humanos.\u00a0\u00a0Usted o los organizadores tambi\u00e9n firman el mismo como Responsable del dictado y Aprobaci\u00f3n del curso.<\/p>\n<p style=\"text-align: justify;\">Una vez obtenido el Aval Acad\u00e9mico, el requisito primordial es guardar por un a\u00f1o los comprobantes del examen final de sus alumnos, (como prueba de suficiencia, ante un eventual requerimiento de las autoridades pertinentes).<\/p>\n<p style=\"text-align: justify;\">Hay un Arancel establecido por Certificado y por Diploma que se extienda.<\/p>\n<p style=\"text-align: justify;\">Nuestro Centro, extender\u00e1 el Diploma Acad\u00e9mico, con su nombre y la inscripci\u00f3n con el Aval Acad\u00e9mico, incluyendo nombre, apellido, curso aprobado, nro. de acta, folio y matricula del alumno.<\/p>\n<p style=\"text-align: justify;\">El importe establecido se abona por transferencia.<\/p>\n<p style=\"text-align: justify;\">Para m\u00e1s informaci\u00f3n:<\/p>\n<p><strong>Contacto:\u00a0 <\/strong><a href=\"mailto:secretaria@cursosbecados.com\">secretaria@cursosbecados.com<\/a><\/p>\n","protected":false},"excerpt":{"rendered":"<p>Destinado a Profesionales e Instituciones Privadas de Pa\u00edses de habla hispana. El Centro de Capacitaci\u00f3n Superior de Recursos Humanos, ofrece Aval Acad\u00e9mico [&hellip;]<\/p>\n","protected":false},"author":1,"featured_media":0,"parent":0,"menu_order":7,"comment_status":"closed","ping_status":"closed","template":"page-templates\/page_fullwidth.php","meta":{"_joinchat":[],"footnotes":""},"class_list":["post-61","page","type-page","status-publish","hentry"],"yoast_head":"<!-- This site is optimized with the Yoast SEO plugin v26.0 - https:\/\/yoast.com\/wordpress\/plugins\/seo\/ -->\n<title>Aval acad\u00e9mico - Cursos Becados<\/title>\n<meta name=\"robots\" content=\"index, follow, max-snippet:-1, max-image-preview:large, max-video-preview:-1\" \/>\n<link rel=\"canonical\" href=\"https:\/\/cursosbecados.com\/portal\/aval-academico\/\" \/>\n<meta property=\"og:locale\" content=\"es_ES\" \/>\n<meta property=\"og:type\" content=\"article\" \/>\n<meta property=\"og:title\" content=\"Aval acad\u00e9mico - Cursos Becados\" \/>\n<meta property=\"og:description\" content=\"Destinado a Profesionales e Instituciones Privadas de Pa\u00edses de habla hispana. El Centro de Capacitaci\u00f3n Superior de Recursos Humanos, ofrece Aval Acad\u00e9mico [&hellip;]\" \/>\n<meta property=\"og:url\" content=\"https:\/\/cursosbecados.com\/portal\/aval-academico\/\" \/>\n<meta property=\"og:site_name\" content=\"Cursos Becados\" \/>\n<meta property=\"article:modified_time\" content=\"2025-08-21T18:57:46+00:00\" \/>\n<meta name=\"twitter:card\" content=\"summary_large_image\" \/>\n<meta name=\"twitter:label1\" content=\"Tiempo de lectura\" \/>\n\t<meta name=\"twitter:data1\" content=\"2 minutos\" \/>\n<script type=\"application\/ld+json\" class=\"yoast-schema-graph\">{\"@context\":\"https:\/\/schema.org\",\"@graph\":[{\"@type\":\"WebPage\",\"@id\":\"https:\/\/cursosbecados.com\/portal\/aval-academico\/\",\"url\":\"https:\/\/cursosbecados.com\/portal\/aval-academico\/\",\"name\":\"Aval acad\u00e9mico - Cursos Becados\",\"isPartOf\":{\"@id\":\"https:\/\/cursosbecados.com\/portal\/#website\"},\"datePublished\":\"2024-10-05T19:39:59+00:00\",\"dateModified\":\"2025-08-21T18:57:46+00:00\",\"breadcrumb\":{\"@id\":\"https:\/\/cursosbecados.com\/portal\/aval-academico\/#breadcrumb\"},\"inLanguage\":\"es-AR\",\"potentialAction\":[{\"@type\":\"ReadAction\",\"target\":[\"https:\/\/cursosbecados.com\/portal\/aval-academico\/\"]}]},{\"@type\":\"BreadcrumbList\",\"@id\":\"https:\/\/cursosbecados.com\/portal\/aval-academico\/#breadcrumb\",\"itemListElement\":[{\"@type\":\"ListItem\",\"position\":1,\"name\":\"Home\",\"item\":\"https:\/\/cursosbecados.com\/portal\/\"},{\"@type\":\"ListItem\",\"position\":2,\"name\":\"Aval acad\u00e9mico\"}]},{\"@type\":\"WebSite\",\"@id\":\"https:\/\/cursosbecados.com\/portal\/#website\",\"url\":\"https:\/\/cursosbecados.com\/portal\/\",\"name\":\"Cursos Becados\",\"description\":\"El futuro en tus manos\",\"potentialAction\":[{\"@type\":\"SearchAction\",\"target\":{\"@type\":\"EntryPoint\",\"urlTemplate\":\"https:\/\/cursosbecados.com\/portal\/?s={search_term_string}\"},\"query-input\":{\"@type\":\"PropertyValueSpecification\",\"valueRequired\":true,\"valueName\":\"search_term_string\"}}],\"inLanguage\":\"es-AR\"}]}<\/script>\n<!-- \/ Yoast SEO plugin. -->","yoast_head_json":{"title":"Aval acad\u00e9mico - Cursos Becados","robots":{"index":"index","follow":"follow","max-snippet":"max-snippet:-1","max-image-preview":"max-image-preview:large","max-video-preview":"max-video-preview:-1"},"canonical":"https:\/\/cursosbecados.com\/portal\/aval-academico\/","og_locale":"es_ES","og_type":"article","og_title":"Aval acad\u00e9mico - Cursos Becados","og_description":"Destinado a Profesionales e Instituciones Privadas de Pa\u00edses de habla hispana. El Centro de Capacitaci\u00f3n Superior de Recursos Humanos, ofrece Aval Acad\u00e9mico [&hellip;]","og_url":"https:\/\/cursosbecados.com\/portal\/aval-academico\/","og_site_name":"Cursos Becados","article_modified_time":"2025-08-21T18:57:46+00:00","twitter_card":"summary_large_image","twitter_misc":{"Tiempo de lectura":"2 minutos"},"schema":{"@context":"https:\/\/schema.org","@graph":[{"@type":"WebPage","@id":"https:\/\/cursosbecados.com\/portal\/aval-academico\/","url":"https:\/\/cursosbecados.com\/portal\/aval-academico\/","name":"Aval acad\u00e9mico - Cursos Becados","isPartOf":{"@id":"https:\/\/cursosbecados.com\/portal\/#website"},"datePublished":"2024-10-05T19:39:59+00:00","dateModified":"2025-08-21T18:57:46+00:00","breadcrumb":{"@id":"https:\/\/cursosbecados.com\/portal\/aval-academico\/#breadcrumb"},"inLanguage":"es-AR","potentialAction":[{"@type":"ReadAction","target":["https:\/\/cursosbecados.com\/portal\/aval-academico\/"]}]},{"@type":"BreadcrumbList","@id":"https:\/\/cursosbecados.com\/portal\/aval-academico\/#breadcrumb","itemListElement":[{"@type":"ListItem","position":1,"name":"Home","item":"https:\/\/cursosbecados.com\/portal\/"},{"@type":"ListItem","position":2,"name":"Aval acad\u00e9mico"}]},{"@type":"WebSite","@id":"https:\/\/cursosbecados.com\/portal\/#website","url":"https:\/\/cursosbecados.com\/portal\/","name":"Cursos Becados","description":"El futuro en tus manos","potentialAction":[{"@type":"SearchAction","target":{"@type":"EntryPoint","urlTemplate":"https:\/\/cursosbecados.com\/portal\/?s={search_term_string}"},"query-input":{"@type":"PropertyValueSpecification","valueRequired":true,"valueName":"search_term_string"}}],"inLanguage":"es-AR"}]}},"_links":{"self":[{"href":"https:\/\/cursosbecados.com\/portal\/wp-json\/wp\/v2\/pages\/61","targetHints":{"allow":["GET"]}}],"collection":[{"href":"https:\/\/cursosbecados.com\/portal\/wp-json\/wp\/v2\/pages"}],"about":[{"href":"https:\/\/cursosbecados.com\/portal\/wp-json\/wp\/v2\/types\/page"}],"author":[{"embeddable":true,"href":"https:\/\/cursosbecados.com\/portal\/wp-json\/wp\/v2\/users\/1"}],"replies":[{"embeddable":true,"href":"https:\/\/cursosbecados.com\/portal\/wp-json\/wp\/v2\/comments?post=61"}],"version-history":[{"count":6,"href":"https:\/\/cursosbecados.com\/portal\/wp-json\/wp\/v2\/pages\/61\/revisions"}],"predecessor-version":[{"id":203,"href":"https:\/\/cursosbecados.com\/portal\/wp-json\/wp\/v2\/pages\/61\/revisions\/203"}],"wp:attachment":[{"href":"https:\/\/cursosbecados.com\/portal\/wp-json\/wp\/v2\/media?parent=61"}],"curies":[{"name":"wp","href":"https:\/\/api.w.org\/{rel}","templated":true}]}}