{"id":7,"date":"2024-10-04T01:01:47","date_gmt":"2024-10-04T01:01:47","guid":{"rendered":"https:\/\/cursosbecados.com\/portal\/?page_id=7"},"modified":"2025-09-27T18:13:06","modified_gmt":"2025-09-27T21:13:06","slug":"7-2","status":"publish","type":"page","link":"https:\/\/cursosbecados.com\/portal\/","title":{"rendered":"Inicio"},"content":{"rendered":"<figure id=\"attachment_31\" aria-describedby=\"caption-attachment-31\" style=\"width: 465px\" class=\"wp-caption aligncenter\"><img loading=\"lazy\" decoding=\"async\" class=\" wp-image-31\" src=\"https:\/\/cursosbecados.com\/portal\/wp-content\/uploads\/2024\/10\/Logo_Cursos_Becados-300x78.jpg\" alt=\"Logo de Cursos Becados\" width=\"465\" height=\"121\" srcset=\"https:\/\/cursosbecados.com\/portal\/wp-content\/uploads\/2024\/10\/Logo_Cursos_Becados-300x78.jpg 300w, https:\/\/cursosbecados.com\/portal\/wp-content\/uploads\/2024\/10\/Logo_Cursos_Becados-800x209.jpg 800w, https:\/\/cursosbecados.com\/portal\/wp-content\/uploads\/2024\/10\/Logo_Cursos_Becados-768x200.jpg 768w, https:\/\/cursosbecados.com\/portal\/wp-content\/uploads\/2024\/10\/Logo_Cursos_Becados-230x60.jpg 230w, https:\/\/cursosbecados.com\/portal\/wp-content\/uploads\/2024\/10\/Logo_Cursos_Becados-350x91.jpg 350w, https:\/\/cursosbecados.com\/portal\/wp-content\/uploads\/2024\/10\/Logo_Cursos_Becados-480x125.jpg 480w, https:\/\/cursosbecados.com\/portal\/wp-content\/uploads\/2024\/10\/Logo_Cursos_Becados.jpg 939w\" sizes=\"auto, (max-width: 465px) 100vw, 465px\" \/><figcaption id=\"caption-attachment-31\" class=\"wp-caption-text\"><!--Logo de Cursos Becados--><\/figcaption><\/figure>\n<h2 style=\"text-align: center;\">CENTRO DE CAPACITACI\u00d3N SUPERIOR EN RECURSOS HUMANOS<\/h2>\n<h4 style=\"text-align: center;\"><em>El futuro en tus manos<\/em><\/h4>\n<p>El Centro de Capacitaci\u00f3n Superior en Recursos Humanos ofrece cursos a distancia que brindan una formaci\u00f3n acad\u00e9mica e integral para el desarrollo personal y la posibilidad de lograr un desempe\u00f1o profesional exitoso<\/p>\n<ul>\n<li style=\"text-align: left;\">Estudia desde tu casa. Sin horarios.<\/li>\n<li style=\"text-align: left;\">Campus Virtual de f\u00e1cil acceso.<\/li>\n<li style=\"text-align: left;\">Se extiende Certificaci\u00f3n Acad\u00e9mica<\/li>\n<\/ul>\n<p>Programas Especiales:<\/p>\n<ul>\n<li>Reconocimiento Acad\u00e9mico<\/li>\n<li>Aval Acad\u00e9mico<\/li>\n<\/ul>\n<p>&nbsp;<\/p>\n<p><strong>Contacto:\u00a0 <\/strong><a href=\"mailto:secretaria@cursosbecados.com\">secretaria@cursosbecados.com<\/a><\/p>\n<p>&nbsp;<\/p>\n","protected":false},"excerpt":{"rendered":"<p>CENTRO DE CAPACITACI\u00d3N SUPERIOR EN RECURSOS HUMANOS El futuro en tus manos El Centro de Capacitaci\u00f3n Superior en Recursos Humanos ofrece cursos [&hellip;]<\/p>\n","protected":false},"author":1,"featured_media":0,"parent":0,"menu_order":0,"comment_status":"closed","ping_status":"closed","template":"page-templates\/page_fullwidth.php","meta":{"_joinchat":[],"footnotes":""},"class_list":["post-7","page","type-page","status-publish","hentry"],"yoast_head":"<!-- This site is optimized with the Yoast SEO plugin v26.0 - https:\/\/yoast.com\/wordpress\/plugins\/seo\/ -->\n<title>Inicio - Cursos Becados<\/title>\n<meta name=\"robots\" content=\"index, follow, max-snippet:-1, max-image-preview:large, max-video-preview:-1\" \/>\n<link rel=\"canonical\" href=\"https:\/\/cursosbecados.com\/portal\/\" \/>\n<meta property=\"og:locale\" content=\"es_ES\" \/>\n<meta property=\"og:type\" content=\"article\" \/>\n<meta property=\"og:title\" content=\"Inicio - Cursos Becados\" \/>\n<meta property=\"og:description\" content=\"CENTRO DE CAPACITACI\u00d3N SUPERIOR EN RECURSOS HUMANOS El futuro en tus manos El Centro de Capacitaci\u00f3n Superior en Recursos Humanos ofrece cursos [&hellip;]\" \/>\n<meta property=\"og:url\" content=\"https:\/\/cursosbecados.com\/portal\/\" \/>\n<meta property=\"og:site_name\" content=\"Cursos Becados\" \/>\n<meta property=\"article:modified_time\" content=\"2025-09-27T21:13:06+00:00\" \/>\n<meta property=\"og:image\" content=\"https:\/\/cursosbecados.com\/portal\/wp-content\/uploads\/2024\/10\/Logo_Cursos_Becados.jpg\" \/>\n\t<meta property=\"og:image:width\" content=\"939\" \/>\n\t<meta property=\"og:image:height\" content=\"245\" \/>\n\t<meta property=\"og:image:type\" content=\"image\/jpeg\" \/>\n<meta name=\"twitter:card\" content=\"summary_large_image\" \/>\n<meta name=\"twitter:label1\" content=\"Tiempo de lectura\" \/>\n\t<meta name=\"twitter:data1\" content=\"1 minuto\" \/>\n<script type=\"application\/ld+json\" class=\"yoast-schema-graph\">{\"@context\":\"https:\/\/schema.org\",\"@graph\":[{\"@type\":\"WebPage\",\"@id\":\"https:\/\/cursosbecados.com\/portal\/\",\"url\":\"https:\/\/cursosbecados.com\/portal\/\",\"name\":\"Inicio - Cursos Becados\",\"isPartOf\":{\"@id\":\"https:\/\/cursosbecados.com\/portal\/#website\"},\"primaryImageOfPage\":{\"@id\":\"https:\/\/cursosbecados.com\/portal\/#primaryimage\"},\"image\":{\"@id\":\"https:\/\/cursosbecados.com\/portal\/#primaryimage\"},\"thumbnailUrl\":\"https:\/\/cursosbecados.com\/portal\/wp-content\/uploads\/2024\/10\/Logo_Cursos_Becados-300x78.jpg\",\"datePublished\":\"2024-10-04T01:01:47+00:00\",\"dateModified\":\"2025-09-27T21:13:06+00:00\",\"breadcrumb\":{\"@id\":\"https:\/\/cursosbecados.com\/portal\/#breadcrumb\"},\"inLanguage\":\"es-AR\",\"potentialAction\":[{\"@type\":\"ReadAction\",\"target\":[\"https:\/\/cursosbecados.com\/portal\/\"]}]},{\"@type\":\"ImageObject\",\"inLanguage\":\"es-AR\",\"@id\":\"https:\/\/cursosbecados.com\/portal\/#primaryimage\",\"url\":\"https:\/\/cursosbecados.com\/portal\/wp-content\/uploads\/2024\/10\/Logo_Cursos_Becados.jpg\",\"contentUrl\":\"https:\/\/cursosbecados.com\/portal\/wp-content\/uploads\/2024\/10\/Logo_Cursos_Becados.jpg\",\"width\":939,\"height\":245,\"caption\":\"Logo de Cursos Becados\"},{\"@type\":\"BreadcrumbList\",\"@id\":\"https:\/\/cursosbecados.com\/portal\/#breadcrumb\",\"itemListElement\":[{\"@type\":\"ListItem\",\"position\":1,\"name\":\"Home\",\"item\":\"https:\/\/cursosbecados.com\/portal\/\"},{\"@type\":\"ListItem\",\"position\":2,\"name\":\"Inicio\"}]},{\"@type\":\"WebSite\",\"@id\":\"https:\/\/cursosbecados.com\/portal\/#website\",\"url\":\"https:\/\/cursosbecados.com\/portal\/\",\"name\":\"Cursos Becados\",\"description\":\"El futuro en tus manos\",\"potentialAction\":[{\"@type\":\"SearchAction\",\"target\":{\"@type\":\"EntryPoint\",\"urlTemplate\":\"https:\/\/cursosbecados.com\/portal\/?s={search_term_string}\"},\"query-input\":{\"@type\":\"PropertyValueSpecification\",\"valueRequired\":true,\"valueName\":\"search_term_string\"}}],\"inLanguage\":\"es-AR\"}]}<\/script>\n<!-- \/ Yoast SEO plugin. -->","yoast_head_json":{"title":"Inicio - Cursos Becados","robots":{"index":"index","follow":"follow","max-snippet":"max-snippet:-1","max-image-preview":"max-image-preview:large","max-video-preview":"max-video-preview:-1"},"canonical":"https:\/\/cursosbecados.com\/portal\/","og_locale":"es_ES","og_type":"article","og_title":"Inicio - Cursos Becados","og_description":"CENTRO DE CAPACITACI\u00d3N SUPERIOR EN RECURSOS HUMANOS El futuro en tus manos El Centro de Capacitaci\u00f3n Superior en Recursos Humanos ofrece cursos [&hellip;]","og_url":"https:\/\/cursosbecados.com\/portal\/","og_site_name":"Cursos Becados","article_modified_time":"2025-09-27T21:13:06+00:00","og_image":[{"width":939,"height":245,"url":"https:\/\/cursosbecados.com\/portal\/wp-content\/uploads\/2024\/10\/Logo_Cursos_Becados.jpg","type":"image\/jpeg"}],"twitter_card":"summary_large_image","twitter_misc":{"Tiempo de lectura":"1 minuto"},"schema":{"@context":"https:\/\/schema.org","@graph":[{"@type":"WebPage","@id":"https:\/\/cursosbecados.com\/portal\/","url":"https:\/\/cursosbecados.com\/portal\/","name":"Inicio - Cursos Becados","isPartOf":{"@id":"https:\/\/cursosbecados.com\/portal\/#website"},"primaryImageOfPage":{"@id":"https:\/\/cursosbecados.com\/portal\/#primaryimage"},"image":{"@id":"https:\/\/cursosbecados.com\/portal\/#primaryimage"},"thumbnailUrl":"https:\/\/cursosbecados.com\/portal\/wp-content\/uploads\/2024\/10\/Logo_Cursos_Becados-300x78.jpg","datePublished":"2024-10-04T01:01:47+00:00","dateModified":"2025-09-27T21:13:06+00:00","breadcrumb":{"@id":"https:\/\/cursosbecados.com\/portal\/#breadcrumb"},"inLanguage":"es-AR","potentialAction":[{"@type":"ReadAction","target":["https:\/\/cursosbecados.com\/portal\/"]}]},{"@type":"ImageObject","inLanguage":"es-AR","@id":"https:\/\/cursosbecados.com\/portal\/#primaryimage","url":"https:\/\/cursosbecados.com\/portal\/wp-content\/uploads\/2024\/10\/Logo_Cursos_Becados.jpg","contentUrl":"https:\/\/cursosbecados.com\/portal\/wp-content\/uploads\/2024\/10\/Logo_Cursos_Becados.jpg","width":939,"height":245,"caption":"Logo de Cursos Becados"},{"@type":"BreadcrumbList","@id":"https:\/\/cursosbecados.com\/portal\/#breadcrumb","itemListElement":[{"@type":"ListItem","position":1,"name":"Home","item":"https:\/\/cursosbecados.com\/portal\/"},{"@type":"ListItem","position":2,"name":"Inicio"}]},{"@type":"WebSite","@id":"https:\/\/cursosbecados.com\/portal\/#website","url":"https:\/\/cursosbecados.com\/portal\/","name":"Cursos Becados","description":"El futuro en tus manos","potentialAction":[{"@type":"SearchAction","target":{"@type":"EntryPoint","urlTemplate":"https:\/\/cursosbecados.com\/portal\/?s={search_term_string}"},"query-input":{"@type":"PropertyValueSpecification","valueRequired":true,"valueName":"search_term_string"}}],"inLanguage":"es-AR"}]}},"_links":{"self":[{"href":"https:\/\/cursosbecados.com\/portal\/wp-json\/wp\/v2\/pages\/7","targetHints":{"allow":["GET"]}}],"collection":[{"href":"https:\/\/cursosbecados.com\/portal\/wp-json\/wp\/v2\/pages"}],"about":[{"href":"https:\/\/cursosbecados.com\/portal\/wp-json\/wp\/v2\/types\/page"}],"author":[{"embeddable":true,"href":"https:\/\/cursosbecados.com\/portal\/wp-json\/wp\/v2\/users\/1"}],"replies":[{"embeddable":true,"href":"https:\/\/cursosbecados.com\/portal\/wp-json\/wp\/v2\/comments?post=7"}],"version-history":[{"count":13,"href":"https:\/\/cursosbecados.com\/portal\/wp-json\/wp\/v2\/pages\/7\/revisions"}],"predecessor-version":[{"id":339,"href":"https:\/\/cursosbecados.com\/portal\/wp-json\/wp\/v2\/pages\/7\/revisions\/339"}],"wp:attachment":[{"href":"https:\/\/cursosbecados.com\/portal\/wp-json\/wp\/v2\/media?parent=7"}],"curies":[{"name":"wp","href":"https:\/\/api.w.org\/{rel}","templated":true}]}}