{"id":211,"date":"2025-08-23T06:12:35","date_gmt":"2025-08-23T09:12:35","guid":{"rendered":"https:\/\/cursosbecados.com\/portal\/producto\/relaciones-publicas\/"},"modified":"2025-09-27T17:16:23","modified_gmt":"2025-09-27T20:16:23","slug":"relaciones-publicas","status":"publish","type":"product","link":"https:\/\/cursosbecados.com\/portal\/producto\/relaciones-publicas\/","title":{"rendered":"RELACIONES PUBLICAS"},"content":{"rendered":"<p class=\"MsoNormal\" style=\"text-align: justify; line-height: 115%;\"><span lang=\"es-ar\" style=\"font-family: Arial, sans-serif; color: #000000; background: #FFFFFF;\" xml:lang=\"es-ar\">El curso de Gerenciamiento en Relaciones Publicas est\u00e1 orientado a brindar las herramientas necesarias para una gesti\u00f3n exitosa de comunicaci\u00f3n institucional, imagen corporativa y relaciones p\u00fablicas. <\/span><\/p>\n<p class=\"MsoNormal\" style=\"text-align: justify; line-height: 115%;\"><span lang=\"es-ar\" style=\"font-family: Arial, sans-serif; color: #212529;\" xml:lang=\"es-ar\">Las estrategias de relaciones p\u00fablicas pueden ayudar a las empresas a lograr mejores resultados financieros mediante el aumento de la lealtad de los clientes y la creaci\u00f3n de nuevas oportunidades de negocio. Son una parte fundamental de la vida de cualquier organizaci\u00f3n, crean y mantienen diferentes relaciones con los stakeholders, d\u00f3nde podemos encontrar a los medios de comunicaci\u00f3n, inversores e incluso a los gobiernos.<\/span><\/p>\n<p style=\"margin-top: 0cm; line-height: 115%; background: #FFFFFF;\"><span style=\"font-family: Arial, sans-serif; color: #212529;\">Las relaciones p\u00fablicas y las nuevas tecnolog\u00edas tienen una relaci\u00f3n muy estrecha, se han creado nuevos canales de comunicaci\u00f3n que han hecho que se expanda la forma de estar conectados con nuestros grupos de inter\u00e9s. <\/span><\/p>\n<ul id=\"lmsace-connect-summary-accord\" class=\"sections course-expand lmsace-connect\">\n<li class=\"section-item\">\n<h2 class=\"section-title\"><a href=\"#\"> General<\/a><\/h2>\n<ul class=\"modules-list\">\n<li class=\"module-item\">\n<div class=\"img-block-laconn\"><img decoding=\"async\" class=\"modicon\" src=\"https:\/\/cursosbecados.com\/cv\/mod\/resource\/pix\/monologo.svg\" alt=\"resource\" \/><\/div>\n<div class=\"mod-content\"><label>resource<\/label><\/p>\n<h4 class=\"module-title\">MODULO 1<\/h4>\n<\/div>\n<\/li>\n<li class=\"module-item\">\n<div class=\"img-block-laconn\"><img decoding=\"async\" class=\"modicon\" src=\"https:\/\/cursosbecados.com\/cv\/mod\/resource\/pix\/monologo.svg\" alt=\"resource\" \/><\/div>\n<div class=\"mod-content\"><label>resource<\/label><\/p>\n<h4 class=\"module-title\">MODULO 2<\/h4>\n<\/div>\n<\/li>\n<li class=\"module-item\">\n<div class=\"img-block-laconn\"><img decoding=\"async\" class=\"modicon\" src=\"https:\/\/cursosbecados.com\/cv\/mod\/resource\/pix\/monologo.svg\" alt=\"resource\" \/><\/div>\n<div class=\"mod-content\"><label>resource<\/label><\/p>\n<h4 class=\"module-title\">MODULO 3<\/h4>\n<\/div>\n<\/li>\n<li class=\"module-item\">\n<div class=\"img-block-laconn\"><img decoding=\"async\" class=\"modicon\" src=\"https:\/\/cursosbecados.com\/cv\/mod\/resource\/pix\/monologo.svg\" alt=\"resource\" \/><\/div>\n<div class=\"mod-content\"><label>resource<\/label><\/p>\n<h4 class=\"module-title\">MODULO 4<\/h4>\n<\/div>\n<\/li>\n<li class=\"module-item\">\n<div class=\"img-block-laconn\"><img decoding=\"async\" class=\"modicon\" src=\"https:\/\/cursosbecados.com\/cv\/mod\/resource\/pix\/monologo.svg\" alt=\"resource\" \/><\/div>\n<div class=\"mod-content\"><label>resource<\/label><\/p>\n<h4 class=\"module-title\">MODULO 5<\/h4>\n<\/div>\n<\/li>\n<li class=\"module-item\">\n<div class=\"img-block-laconn\"><img decoding=\"async\" class=\"modicon\" src=\"https:\/\/cursosbecados.com\/cv\/mod\/resource\/pix\/monologo.svg\" alt=\"resource\" \/><\/div>\n<div class=\"mod-content\"><label>resource<\/label><\/p>\n<h4 class=\"module-title\">MODULO 6<\/h4>\n<\/div>\n<\/li>\n<li class=\"module-item\">\n<div class=\"img-block-laconn\"><img decoding=\"async\" class=\"modicon\" src=\"https:\/\/cursosbecados.com\/cv\/mod\/resource\/pix\/monologo.svg\" alt=\"resource\" \/><\/div>\n<div class=\"mod-content\"><label>resource<\/label><\/p>\n<h4 class=\"module-title\">PROGRAMA<\/h4>\n<\/div>\n<\/li>\n<li class=\"module-item\">\n<div class=\"img-block-laconn\"><img decoding=\"async\" class=\"modicon\" src=\"https:\/\/cursosbecados.com\/cv\/mod\/forum\/pix\/monologo.svg\" alt=\"forum\" \/><\/div>\n<div class=\"mod-content\"><label>forum<\/label><\/p>\n<h4 class=\"module-title\">Consultas<\/h4>\n<\/div>\n<\/li>\n<li class=\"module-item\">\n<div class=\"img-block-laconn\"><img decoding=\"async\" class=\"modicon\" src=\"https:\/\/cursosbecados.com\/cv\/mod\/forum\/pix\/monologo.svg\" alt=\"forum\" \/><\/div>\n<div class=\"mod-content\"><label>forum<\/label><\/p>\n<h4 class=\"module-title\">Announcements<\/h4>\n<\/div>\n<\/li>\n<\/ul>\n<\/li>\n<li class=\"section-item\">\n<h2 class=\"section-title\"><a href=\"#\"> Evaluaciones<\/a><\/h2>\n<ul class=\"modules-list\">\n<li class=\"module-item\">\n<div class=\"img-block-laconn\"><img decoding=\"async\" class=\"modicon\" src=\"https:\/\/cursosbecados.com\/cv\/mod\/assign\/pix\/monologo.svg\" alt=\"assign\" \/><\/div>\n<div class=\"mod-content\"><label>assign<\/label><\/p>\n<h4 class=\"module-title\">Evaluaci\u00f3n M\u00f3dulo 1<\/h4>\n<\/div>\n<\/li>\n<li class=\"module-item\">\n<div class=\"img-block-laconn\"><img decoding=\"async\" class=\"modicon\" src=\"https:\/\/cursosbecados.com\/cv\/mod\/assign\/pix\/monologo.svg\" alt=\"assign\" \/><\/div>\n<div class=\"mod-content\"><label>assign<\/label><\/p>\n<h4 class=\"module-title\">Evaluaci\u00f3n M\u00f3dulo 2<\/h4>\n<\/div>\n<\/li>\n<li class=\"module-item\">\n<div class=\"img-block-laconn\"><img decoding=\"async\" class=\"modicon\" src=\"https:\/\/cursosbecados.com\/cv\/mod\/assign\/pix\/monologo.svg\" alt=\"assign\" \/><\/div>\n<div class=\"mod-content\"><label>assign<\/label><\/p>\n<h4 class=\"module-title\">Evaluaci\u00f3n M\u00f3dulo 3<\/h4>\n<\/div>\n<\/li>\n<li class=\"module-item\">\n<div class=\"img-block-laconn\"><img decoding=\"async\" class=\"modicon\" src=\"https:\/\/cursosbecados.com\/cv\/mod\/assign\/pix\/monologo.svg\" alt=\"assign\" \/><\/div>\n<div class=\"mod-content\"><label>assign<\/label><\/p>\n<h4 class=\"module-title\">Evaluaci\u00f3n M\u00f3duloo 4<\/h4>\n<\/div>\n<\/li>\n<li class=\"module-item\">\n<div class=\"img-block-laconn\"><img decoding=\"async\" class=\"modicon\" src=\"https:\/\/cursosbecados.com\/cv\/mod\/assign\/pix\/monologo.svg\" alt=\"assign\" \/><\/div>\n<div class=\"mod-content\"><label>assign<\/label><\/p>\n<h4 class=\"module-title\">Evaluaci\u00f3n M\u00f3dulo 5<\/h4>\n<\/div>\n<\/li>\n<li class=\"module-item\">\n<div class=\"img-block-laconn\"><img decoding=\"async\" class=\"modicon\" src=\"https:\/\/cursosbecados.com\/cv\/mod\/assign\/pix\/monologo.svg\" alt=\"assign\" \/><\/div>\n<div class=\"mod-content\"><label>assign<\/label><\/p>\n<h4 class=\"module-title\">Evaluaci\u00f3n M\u00f3dulo 6<\/h4>\n<\/div>\n<\/li>\n<\/ul>\n<\/li>\n<\/ul>\n","protected":false},"excerpt":{"rendered":"<p>Aprende a planificar y desarrollar proyectos y estrategias de comunicaci\u00f3n para clientes, empresas e instituciones.<\/p>\n","protected":false},"featured_media":330,"comment_status":"open","ping_status":"closed","template":"","meta":{"_joinchat":[]},"product_brand":[],"product_cat":[17],"product_tag":[],"class_list":{"0":"post-211","1":"product","2":"type-product","3":"status-publish","4":"has-post-thumbnail","6":"product_cat-eventos-rrpp-ceremonial","8":"first","9":"instock","10":"sale","11":"taxable","12":"shipping-taxable","13":"purchasable","14":"product-type-simple"},"yoast_head":"<!-- This site is optimized with the Yoast SEO plugin v26.0 - https:\/\/yoast.com\/wordpress\/plugins\/seo\/ -->\n<title>RELACIONES PUBLICAS - Cursos Becados<\/title>\n<meta name=\"description\" content=\"Aprende a planificar y desarrollar proyectos y estrategias de comunicaci\u00f3n para clientes, empresas e instituciones.\" \/>\n<meta name=\"robots\" content=\"index, follow, max-snippet:-1, max-image-preview:large, max-video-preview:-1\" \/>\n<link rel=\"canonical\" href=\"https:\/\/cursosbecados.com\/portal\/producto\/relaciones-publicas\/\" \/>\n<meta property=\"og:locale\" content=\"es_ES\" \/>\n<meta property=\"og:type\" content=\"article\" \/>\n<meta property=\"og:title\" content=\"RELACIONES PUBLICAS - Cursos Becados\" \/>\n<meta property=\"og:description\" content=\"Aprende a planificar y desarrollar proyectos y estrategias de comunicaci\u00f3n para clientes, empresas e instituciones.\" \/>\n<meta property=\"og:url\" content=\"https:\/\/cursosbecados.com\/portal\/producto\/relaciones-publicas\/\" \/>\n<meta property=\"og:site_name\" content=\"Cursos Becados\" \/>\n<meta property=\"article:modified_time\" content=\"2025-09-27T20:16:23+00:00\" \/>\n<meta property=\"og:image\" content=\"https:\/\/cursosbecados.com\/portal\/wp-content\/uploads\/2025\/08\/Gto.-en-Relaciones-Publicas.jpg\" \/>\n\t<meta property=\"og:image:width\" content=\"640\" \/>\n\t<meta property=\"og:image:height\" content=\"427\" \/>\n\t<meta property=\"og:image:type\" content=\"image\/jpeg\" \/>\n<meta name=\"twitter:card\" content=\"summary_large_image\" \/>\n<meta name=\"twitter:label1\" content=\"Tiempo de lectura\" \/>\n\t<meta name=\"twitter:data1\" content=\"5 minutos\" \/>\n<script type=\"application\/ld+json\" class=\"yoast-schema-graph\">{\"@context\":\"https:\/\/schema.org\",\"@graph\":[{\"@type\":\"WebPage\",\"@id\":\"https:\/\/cursosbecados.com\/portal\/producto\/relaciones-publicas\/\",\"url\":\"https:\/\/cursosbecados.com\/portal\/producto\/relaciones-publicas\/\",\"name\":\"RELACIONES PUBLICAS - Cursos Becados\",\"isPartOf\":{\"@id\":\"https:\/\/cursosbecados.com\/portal\/#website\"},\"primaryImageOfPage\":{\"@id\":\"https:\/\/cursosbecados.com\/portal\/producto\/relaciones-publicas\/#primaryimage\"},\"image\":{\"@id\":\"https:\/\/cursosbecados.com\/portal\/producto\/relaciones-publicas\/#primaryimage\"},\"thumbnailUrl\":\"https:\/\/cursosbecados.com\/portal\/wp-content\/uploads\/2025\/08\/Gto.-en-Relaciones-Publicas.jpg\",\"datePublished\":\"2025-08-23T09:12:35+00:00\",\"dateModified\":\"2025-09-27T20:16:23+00:00\",\"description\":\"Aprende a planificar y desarrollar proyectos y estrategias de comunicaci\u00f3n para clientes, empresas e instituciones.\",\"breadcrumb\":{\"@id\":\"https:\/\/cursosbecados.com\/portal\/producto\/relaciones-publicas\/#breadcrumb\"},\"inLanguage\":\"es-AR\",\"potentialAction\":[{\"@type\":\"ReadAction\",\"target\":[\"https:\/\/cursosbecados.com\/portal\/producto\/relaciones-publicas\/\"]}]},{\"@type\":\"ImageObject\",\"inLanguage\":\"es-AR\",\"@id\":\"https:\/\/cursosbecados.com\/portal\/producto\/relaciones-publicas\/#primaryimage\",\"url\":\"https:\/\/cursosbecados.com\/portal\/wp-content\/uploads\/2025\/08\/Gto.-en-Relaciones-Publicas.jpg\",\"contentUrl\":\"https:\/\/cursosbecados.com\/portal\/wp-content\/uploads\/2025\/08\/Gto.-en-Relaciones-Publicas.jpg\",\"width\":640,\"height\":427},{\"@type\":\"BreadcrumbList\",\"@id\":\"https:\/\/cursosbecados.com\/portal\/producto\/relaciones-publicas\/#breadcrumb\",\"itemListElement\":[{\"@type\":\"ListItem\",\"position\":1,\"name\":\"Home\",\"item\":\"https:\/\/cursosbecados.com\/portal\/\"},{\"@type\":\"ListItem\",\"position\":2,\"name\":\"Nuestros Cursos\",\"item\":\"https:\/\/cursosbecados.com\/portal\/tienda\/\"},{\"@type\":\"ListItem\",\"position\":3,\"name\":\"RELACIONES PUBLICAS\"}]},{\"@type\":\"WebSite\",\"@id\":\"https:\/\/cursosbecados.com\/portal\/#website\",\"url\":\"https:\/\/cursosbecados.com\/portal\/\",\"name\":\"Cursos Becados\",\"description\":\"El futuro en tus manos\",\"potentialAction\":[{\"@type\":\"SearchAction\",\"target\":{\"@type\":\"EntryPoint\",\"urlTemplate\":\"https:\/\/cursosbecados.com\/portal\/?s={search_term_string}\"},\"query-input\":{\"@type\":\"PropertyValueSpecification\",\"valueRequired\":true,\"valueName\":\"search_term_string\"}}],\"inLanguage\":\"es-AR\"}]}<\/script>\n<!-- \/ Yoast SEO plugin. -->","yoast_head_json":{"title":"RELACIONES PUBLICAS - Cursos Becados","description":"Aprende a planificar y desarrollar proyectos y estrategias de comunicaci\u00f3n para clientes, empresas e instituciones.","robots":{"index":"index","follow":"follow","max-snippet":"max-snippet:-1","max-image-preview":"max-image-preview:large","max-video-preview":"max-video-preview:-1"},"canonical":"https:\/\/cursosbecados.com\/portal\/producto\/relaciones-publicas\/","og_locale":"es_ES","og_type":"article","og_title":"RELACIONES PUBLICAS - Cursos Becados","og_description":"Aprende a planificar y desarrollar proyectos y estrategias de comunicaci\u00f3n para clientes, empresas e instituciones.","og_url":"https:\/\/cursosbecados.com\/portal\/producto\/relaciones-publicas\/","og_site_name":"Cursos Becados","article_modified_time":"2025-09-27T20:16:23+00:00","og_image":[{"width":640,"height":427,"url":"https:\/\/cursosbecados.com\/portal\/wp-content\/uploads\/2025\/08\/Gto.-en-Relaciones-Publicas.jpg","type":"image\/jpeg"}],"twitter_card":"summary_large_image","twitter_misc":{"Tiempo de lectura":"5 minutos"},"schema":{"@context":"https:\/\/schema.org","@graph":[{"@type":"WebPage","@id":"https:\/\/cursosbecados.com\/portal\/producto\/relaciones-publicas\/","url":"https:\/\/cursosbecados.com\/portal\/producto\/relaciones-publicas\/","name":"RELACIONES PUBLICAS - Cursos Becados","isPartOf":{"@id":"https:\/\/cursosbecados.com\/portal\/#website"},"primaryImageOfPage":{"@id":"https:\/\/cursosbecados.com\/portal\/producto\/relaciones-publicas\/#primaryimage"},"image":{"@id":"https:\/\/cursosbecados.com\/portal\/producto\/relaciones-publicas\/#primaryimage"},"thumbnailUrl":"https:\/\/cursosbecados.com\/portal\/wp-content\/uploads\/2025\/08\/Gto.-en-Relaciones-Publicas.jpg","datePublished":"2025-08-23T09:12:35+00:00","dateModified":"2025-09-27T20:16:23+00:00","description":"Aprende a planificar y desarrollar proyectos y estrategias de comunicaci\u00f3n para clientes, empresas e instituciones.","breadcrumb":{"@id":"https:\/\/cursosbecados.com\/portal\/producto\/relaciones-publicas\/#breadcrumb"},"inLanguage":"es-AR","potentialAction":[{"@type":"ReadAction","target":["https:\/\/cursosbecados.com\/portal\/producto\/relaciones-publicas\/"]}]},{"@type":"ImageObject","inLanguage":"es-AR","@id":"https:\/\/cursosbecados.com\/portal\/producto\/relaciones-publicas\/#primaryimage","url":"https:\/\/cursosbecados.com\/portal\/wp-content\/uploads\/2025\/08\/Gto.-en-Relaciones-Publicas.jpg","contentUrl":"https:\/\/cursosbecados.com\/portal\/wp-content\/uploads\/2025\/08\/Gto.-en-Relaciones-Publicas.jpg","width":640,"height":427},{"@type":"BreadcrumbList","@id":"https:\/\/cursosbecados.com\/portal\/producto\/relaciones-publicas\/#breadcrumb","itemListElement":[{"@type":"ListItem","position":1,"name":"Home","item":"https:\/\/cursosbecados.com\/portal\/"},{"@type":"ListItem","position":2,"name":"Nuestros Cursos","item":"https:\/\/cursosbecados.com\/portal\/tienda\/"},{"@type":"ListItem","position":3,"name":"RELACIONES PUBLICAS"}]},{"@type":"WebSite","@id":"https:\/\/cursosbecados.com\/portal\/#website","url":"https:\/\/cursosbecados.com\/portal\/","name":"Cursos Becados","description":"El futuro en tus manos","potentialAction":[{"@type":"SearchAction","target":{"@type":"EntryPoint","urlTemplate":"https:\/\/cursosbecados.com\/portal\/?s={search_term_string}"},"query-input":{"@type":"PropertyValueSpecification","valueRequired":true,"valueName":"search_term_string"}}],"inLanguage":"es-AR"}]}},"_links":{"self":[{"href":"https:\/\/cursosbecados.com\/portal\/wp-json\/wp\/v2\/product\/211","targetHints":{"allow":["GET"]}}],"collection":[{"href":"https:\/\/cursosbecados.com\/portal\/wp-json\/wp\/v2\/product"}],"about":[{"href":"https:\/\/cursosbecados.com\/portal\/wp-json\/wp\/v2\/types\/product"}],"replies":[{"embeddable":true,"href":"https:\/\/cursosbecados.com\/portal\/wp-json\/wp\/v2\/comments?post=211"}],"wp:featuredmedia":[{"embeddable":true,"href":"https:\/\/cursosbecados.com\/portal\/wp-json\/wp\/v2\/media\/330"}],"wp:attachment":[{"href":"https:\/\/cursosbecados.com\/portal\/wp-json\/wp\/v2\/media?parent=211"}],"wp:term":[{"taxonomy":"product_brand","embeddable":true,"href":"https:\/\/cursosbecados.com\/portal\/wp-json\/wp\/v2\/product_brand?post=211"},{"taxonomy":"product_cat","embeddable":true,"href":"https:\/\/cursosbecados.com\/portal\/wp-json\/wp\/v2\/product_cat?post=211"},{"taxonomy":"product_tag","embeddable":true,"href":"https:\/\/cursosbecados.com\/portal\/wp-json\/wp\/v2\/product_tag?post=211"}],"curies":[{"name":"wp","href":"https:\/\/api.w.org\/{rel}","templated":true}]}}