{"id":219,"date":"2025-08-23T06:12:40","date_gmt":"2025-08-23T09:12:40","guid":{"rendered":"https:\/\/cursosbecados.com\/portal\/producto\/oratoria-profesional\/"},"modified":"2025-09-27T16:56:46","modified_gmt":"2025-09-27T19:56:46","slug":"oratoria-profesional","status":"publish","type":"product","link":"https:\/\/cursosbecados.com\/portal\/producto\/oratoria-profesional\/","title":{"rendered":"ORATORIA PROFESIONAL"},"content":{"rendered":"<p class=\"MsoNormal\" style=\"margin-bottom: 0cm; text-align: justify; line-height: 115%; background: #FFFFFF; vertical-align: baseline;\"><span lang=\"es-ar\" style=\"font-family: Arial, sans-serif; color: #000000; background: #FFFFFF;\" xml:lang=\"es-ar\">La oratoria es el \u201carte de hablar con elocuencia\u201d. El lenguaje oral es el medio de comunicaci\u00f3n por excelencia para conversas, o realizar una disertaci\u00f3n. Es la habilidad de comunicar de un modo eficaz para\u00a0<span style=\"font-family: Arial, sans-serif; border: none 1pt; padding: 0cm;\">deleitar, conmover o persuadir a la audiencia<\/span>. <\/span><\/p>\n<p class=\"MsoNormal\" style=\"margin-bottom: 0cm; text-align: justify; line-height: 115%; background: #FFFFFF; vertical-align: baseline;\"><span lang=\"es-ar\" style=\"font-family: Arial, sans-serif; color: #000000; background: #FFFFFF;\" xml:lang=\"es-ar\">La oratoria sirve para captar la atenci\u00f3n del receptor, seducirlo a trav\u00e9s de un mensaje claro y conciso, y conseguir que tome decisiones o adopte una determinada posici\u00f3n.<\/span><\/p>\n<p class=\"MsoNormal\" style=\"margin-bottom: 0cm; text-align: justify; line-height: 115%; background: #FFFFFF; vertical-align: baseline;\"><span lang=\"es-ar\" style=\"font-family: Arial, sans-serif; color: #000000; background: #FFFFFF;\" xml:lang=\"es-ar\">La oratoria es una habilidad clave en diversos \u00e1mbitos de la vida, ya sea en el \u00e1mbito acad\u00e9mico, laboral, pol\u00edtico o social. La capacidad de expresarse de forma clara y persuasiva frente a un p\u00fablico es fundamental para lograr objetivos y establecer relaciones efectivas. Aquellos que dominan la oratoria tienen la capacidad de influir en los dem\u00e1s, inspirar confianza y generar impacto.<\/span><\/p>\n<p class=\"MsoNormal\" style=\"margin-bottom: 0cm; text-align: justify; line-height: 115%; background: #FFFFFF; vertical-align: baseline;\"><span lang=\"es-ar\" style=\"font-family: Arial, sans-serif; color: #000000; background: #FFFFFF;\" xml:lang=\"es-ar\">La oratoria es una habilidad que se puede desarrollar y perfeccionar a lo largo del tiempo, y los beneficios de dominarla son de sumo valor en el mundo actual.<\/span><\/p>\n","protected":false},"excerpt":{"rendered":"<p>Perfecciona tu capacidad para comunicar de manera efectiva para captar y persuadir a tu audiencia.<\/p>\n","protected":false},"featured_media":325,"comment_status":"open","ping_status":"closed","template":"","meta":{"_joinchat":[]},"product_brand":[],"product_cat":[18],"product_tag":[],"class_list":{"0":"post-219","1":"product","2":"type-product","3":"status-publish","4":"has-post-thumbnail","6":"product_cat-oratoria","8":"first","9":"instock","10":"sale","11":"taxable","12":"shipping-taxable","13":"purchasable","14":"product-type-simple"},"yoast_head":"<!-- This site is optimized with the Yoast SEO plugin v26.0 - https:\/\/yoast.com\/wordpress\/plugins\/seo\/ -->\n<title>ORATORIA PROFESIONAL - Cursos Becados<\/title>\n<meta name=\"description\" content=\"Perfecciona tu capacidad para comunicar de manera efectiva para captar y persuadir a tu audiencia.\" \/>\n<meta name=\"robots\" content=\"index, follow, max-snippet:-1, max-image-preview:large, max-video-preview:-1\" \/>\n<link rel=\"canonical\" href=\"https:\/\/cursosbecados.com\/portal\/producto\/oratoria-profesional\/\" \/>\n<meta property=\"og:locale\" content=\"es_ES\" \/>\n<meta property=\"og:type\" content=\"article\" \/>\n<meta property=\"og:title\" content=\"ORATORIA PROFESIONAL - Cursos Becados\" \/>\n<meta property=\"og:description\" content=\"Perfecciona tu capacidad para comunicar de manera efectiva para captar y persuadir a tu audiencia.\" \/>\n<meta property=\"og:url\" content=\"https:\/\/cursosbecados.com\/portal\/producto\/oratoria-profesional\/\" \/>\n<meta property=\"og:site_name\" content=\"Cursos Becados\" \/>\n<meta property=\"article:modified_time\" content=\"2025-09-27T19:56:46+00:00\" \/>\n<meta property=\"og:image\" content=\"https:\/\/cursosbecados.com\/portal\/wp-content\/uploads\/2025\/08\/Oratoria.jpg\" \/>\n\t<meta property=\"og:image:width\" content=\"640\" \/>\n\t<meta property=\"og:image:height\" content=\"427\" \/>\n\t<meta property=\"og:image:type\" content=\"image\/jpeg\" \/>\n<meta name=\"twitter:card\" content=\"summary_large_image\" \/>\n<meta name=\"twitter:label1\" content=\"Tiempo de lectura\" \/>\n\t<meta name=\"twitter:data1\" content=\"1 minuto\" \/>\n<script type=\"application\/ld+json\" class=\"yoast-schema-graph\">{\"@context\":\"https:\/\/schema.org\",\"@graph\":[{\"@type\":\"WebPage\",\"@id\":\"https:\/\/cursosbecados.com\/portal\/producto\/oratoria-profesional\/\",\"url\":\"https:\/\/cursosbecados.com\/portal\/producto\/oratoria-profesional\/\",\"name\":\"ORATORIA PROFESIONAL - Cursos Becados\",\"isPartOf\":{\"@id\":\"https:\/\/cursosbecados.com\/portal\/#website\"},\"primaryImageOfPage\":{\"@id\":\"https:\/\/cursosbecados.com\/portal\/producto\/oratoria-profesional\/#primaryimage\"},\"image\":{\"@id\":\"https:\/\/cursosbecados.com\/portal\/producto\/oratoria-profesional\/#primaryimage\"},\"thumbnailUrl\":\"https:\/\/cursosbecados.com\/portal\/wp-content\/uploads\/2025\/08\/Oratoria.jpg\",\"datePublished\":\"2025-08-23T09:12:40+00:00\",\"dateModified\":\"2025-09-27T19:56:46+00:00\",\"description\":\"Perfecciona tu capacidad para comunicar de manera efectiva para captar y persuadir a tu audiencia.\",\"breadcrumb\":{\"@id\":\"https:\/\/cursosbecados.com\/portal\/producto\/oratoria-profesional\/#breadcrumb\"},\"inLanguage\":\"es-AR\",\"potentialAction\":[{\"@type\":\"ReadAction\",\"target\":[\"https:\/\/cursosbecados.com\/portal\/producto\/oratoria-profesional\/\"]}]},{\"@type\":\"ImageObject\",\"inLanguage\":\"es-AR\",\"@id\":\"https:\/\/cursosbecados.com\/portal\/producto\/oratoria-profesional\/#primaryimage\",\"url\":\"https:\/\/cursosbecados.com\/portal\/wp-content\/uploads\/2025\/08\/Oratoria.jpg\",\"contentUrl\":\"https:\/\/cursosbecados.com\/portal\/wp-content\/uploads\/2025\/08\/Oratoria.jpg\",\"width\":640,\"height\":427},{\"@type\":\"BreadcrumbList\",\"@id\":\"https:\/\/cursosbecados.com\/portal\/producto\/oratoria-profesional\/#breadcrumb\",\"itemListElement\":[{\"@type\":\"ListItem\",\"position\":1,\"name\":\"Home\",\"item\":\"https:\/\/cursosbecados.com\/portal\/\"},{\"@type\":\"ListItem\",\"position\":2,\"name\":\"Nuestros Cursos\",\"item\":\"https:\/\/cursosbecados.com\/portal\/tienda\/\"},{\"@type\":\"ListItem\",\"position\":3,\"name\":\"ORATORIA PROFESIONAL\"}]},{\"@type\":\"WebSite\",\"@id\":\"https:\/\/cursosbecados.com\/portal\/#website\",\"url\":\"https:\/\/cursosbecados.com\/portal\/\",\"name\":\"Cursos Becados\",\"description\":\"El futuro en tus manos\",\"potentialAction\":[{\"@type\":\"SearchAction\",\"target\":{\"@type\":\"EntryPoint\",\"urlTemplate\":\"https:\/\/cursosbecados.com\/portal\/?s={search_term_string}\"},\"query-input\":{\"@type\":\"PropertyValueSpecification\",\"valueRequired\":true,\"valueName\":\"search_term_string\"}}],\"inLanguage\":\"es-AR\"}]}<\/script>\n<!-- \/ Yoast SEO plugin. -->","yoast_head_json":{"title":"ORATORIA PROFESIONAL - Cursos Becados","description":"Perfecciona tu capacidad para comunicar de manera efectiva para captar y persuadir a tu audiencia.","robots":{"index":"index","follow":"follow","max-snippet":"max-snippet:-1","max-image-preview":"max-image-preview:large","max-video-preview":"max-video-preview:-1"},"canonical":"https:\/\/cursosbecados.com\/portal\/producto\/oratoria-profesional\/","og_locale":"es_ES","og_type":"article","og_title":"ORATORIA PROFESIONAL - Cursos Becados","og_description":"Perfecciona tu capacidad para comunicar de manera efectiva para captar y persuadir a tu audiencia.","og_url":"https:\/\/cursosbecados.com\/portal\/producto\/oratoria-profesional\/","og_site_name":"Cursos Becados","article_modified_time":"2025-09-27T19:56:46+00:00","og_image":[{"width":640,"height":427,"url":"https:\/\/cursosbecados.com\/portal\/wp-content\/uploads\/2025\/08\/Oratoria.jpg","type":"image\/jpeg"}],"twitter_card":"summary_large_image","twitter_misc":{"Tiempo de lectura":"1 minuto"},"schema":{"@context":"https:\/\/schema.org","@graph":[{"@type":"WebPage","@id":"https:\/\/cursosbecados.com\/portal\/producto\/oratoria-profesional\/","url":"https:\/\/cursosbecados.com\/portal\/producto\/oratoria-profesional\/","name":"ORATORIA PROFESIONAL - Cursos Becados","isPartOf":{"@id":"https:\/\/cursosbecados.com\/portal\/#website"},"primaryImageOfPage":{"@id":"https:\/\/cursosbecados.com\/portal\/producto\/oratoria-profesional\/#primaryimage"},"image":{"@id":"https:\/\/cursosbecados.com\/portal\/producto\/oratoria-profesional\/#primaryimage"},"thumbnailUrl":"https:\/\/cursosbecados.com\/portal\/wp-content\/uploads\/2025\/08\/Oratoria.jpg","datePublished":"2025-08-23T09:12:40+00:00","dateModified":"2025-09-27T19:56:46+00:00","description":"Perfecciona tu capacidad para comunicar de manera efectiva para captar y persuadir a tu audiencia.","breadcrumb":{"@id":"https:\/\/cursosbecados.com\/portal\/producto\/oratoria-profesional\/#breadcrumb"},"inLanguage":"es-AR","potentialAction":[{"@type":"ReadAction","target":["https:\/\/cursosbecados.com\/portal\/producto\/oratoria-profesional\/"]}]},{"@type":"ImageObject","inLanguage":"es-AR","@id":"https:\/\/cursosbecados.com\/portal\/producto\/oratoria-profesional\/#primaryimage","url":"https:\/\/cursosbecados.com\/portal\/wp-content\/uploads\/2025\/08\/Oratoria.jpg","contentUrl":"https:\/\/cursosbecados.com\/portal\/wp-content\/uploads\/2025\/08\/Oratoria.jpg","width":640,"height":427},{"@type":"BreadcrumbList","@id":"https:\/\/cursosbecados.com\/portal\/producto\/oratoria-profesional\/#breadcrumb","itemListElement":[{"@type":"ListItem","position":1,"name":"Home","item":"https:\/\/cursosbecados.com\/portal\/"},{"@type":"ListItem","position":2,"name":"Nuestros Cursos","item":"https:\/\/cursosbecados.com\/portal\/tienda\/"},{"@type":"ListItem","position":3,"name":"ORATORIA PROFESIONAL"}]},{"@type":"WebSite","@id":"https:\/\/cursosbecados.com\/portal\/#website","url":"https:\/\/cursosbecados.com\/portal\/","name":"Cursos Becados","description":"El futuro en tus manos","potentialAction":[{"@type":"SearchAction","target":{"@type":"EntryPoint","urlTemplate":"https:\/\/cursosbecados.com\/portal\/?s={search_term_string}"},"query-input":{"@type":"PropertyValueSpecification","valueRequired":true,"valueName":"search_term_string"}}],"inLanguage":"es-AR"}]}},"_links":{"self":[{"href":"https:\/\/cursosbecados.com\/portal\/wp-json\/wp\/v2\/product\/219","targetHints":{"allow":["GET"]}}],"collection":[{"href":"https:\/\/cursosbecados.com\/portal\/wp-json\/wp\/v2\/product"}],"about":[{"href":"https:\/\/cursosbecados.com\/portal\/wp-json\/wp\/v2\/types\/product"}],"replies":[{"embeddable":true,"href":"https:\/\/cursosbecados.com\/portal\/wp-json\/wp\/v2\/comments?post=219"}],"wp:featuredmedia":[{"embeddable":true,"href":"https:\/\/cursosbecados.com\/portal\/wp-json\/wp\/v2\/media\/325"}],"wp:attachment":[{"href":"https:\/\/cursosbecados.com\/portal\/wp-json\/wp\/v2\/media?parent=219"}],"wp:term":[{"taxonomy":"product_brand","embeddable":true,"href":"https:\/\/cursosbecados.com\/portal\/wp-json\/wp\/v2\/product_brand?post=219"},{"taxonomy":"product_cat","embeddable":true,"href":"https:\/\/cursosbecados.com\/portal\/wp-json\/wp\/v2\/product_cat?post=219"},{"taxonomy":"product_tag","embeddable":true,"href":"https:\/\/cursosbecados.com\/portal\/wp-json\/wp\/v2\/product_tag?post=219"}],"curies":[{"name":"wp","href":"https:\/\/api.w.org\/{rel}","templated":true}]}}