{"id":223,"date":"2025-08-23T06:12:43","date_gmt":"2025-08-23T09:12:43","guid":{"rendered":"https:\/\/cursosbecados.com\/portal\/producto\/gto-en-recursos-humanos\/"},"modified":"2025-09-27T16:48:58","modified_gmt":"2025-09-27T19:48:58","slug":"gto-en-recursos-humanos","status":"publish","type":"product","link":"https:\/\/cursosbecados.com\/portal\/producto\/gto-en-recursos-humanos\/","title":{"rendered":"GTO. EN RECURSOS HUMANOS"},"content":{"rendered":"<p class=\"MsoNormal\" style=\"margin-bottom: 0cm; text-align: justify; line-height: normal;\"><span lang=\"es-ar\" style=\"font-family: Arial, sans-serif;\" xml:lang=\"es-ar\">La Gesti\u00f3n Estrat\u00e9gica de Recursos Humanos es esencial para comprender c\u00f3mo los empleados son el verdadero capital humano de una organizaci\u00f3n. <\/span><\/p>\n<p class=\"MsoNormal\" style=\"text-align: justify; line-height: normal;\"><span lang=\"es-ar\" style=\"font-family: Arial, sans-serif;\" xml:lang=\"es-ar\">Las organizaciones globales, los entornos complejos altamente competitivos, y clientes cada vez m\u00e1s exigentes, obligan al \u00e1rea de recursos humanos a transformarse en un verdadero l\u00edder de negocios, ofreciendo operaciones de excelencia y soluciones innovadoras a la gesti\u00f3n de personas orientadas al logro de resultados.<\/span><\/p>\n<p class=\"MsoNormal\" style=\"margin-bottom: 0cm; text-align: justify; line-height: normal;\"><span lang=\"es-ar\" style=\"font-family: Arial, sans-serif;\" xml:lang=\"es-ar\">En este curso\u00a0aprender\u00e1s las funciones b\u00e1sicas de Recursos Humanos, como la administraci\u00f3n de personal, la creaci\u00f3n de manuales de pol\u00edticas y el dise\u00f1o de organigramas y aprender\u00e1s a identificar las necesidades de tu equipo y a realizar an\u00e1lisis de puestos.<\/span><\/p>\n","protected":false},"excerpt":{"rendered":"<p>Domina herramientas para gestionar y liderar \u00e1reas de trabajo y m\u00e9todos de resoluci\u00f3n de conflictos<\/p>\n","protected":false},"featured_media":323,"comment_status":"open","ping_status":"closed","template":"","meta":{"_joinchat":[]},"product_brand":[],"product_cat":[20],"product_tag":[],"class_list":{"0":"post-223","1":"product","2":"type-product","3":"status-publish","4":"has-post-thumbnail","6":"product_cat-recursos-humanos-y-marketing","8":"first","9":"instock","10":"sale","11":"taxable","12":"shipping-taxable","13":"purchasable","14":"product-type-simple"},"yoast_head":"<!-- This site is optimized with the Yoast SEO plugin v26.0 - https:\/\/yoast.com\/wordpress\/plugins\/seo\/ -->\n<title>GTO. EN RECURSOS HUMANOS - Cursos Becados<\/title>\n<meta name=\"description\" content=\"Domina herramientas para gestionar y liderar \u00e1reas de trabajo y m\u00e9todos de resoluci\u00f3n de conflictos\" \/>\n<meta name=\"robots\" content=\"index, follow, max-snippet:-1, max-image-preview:large, max-video-preview:-1\" \/>\n<link rel=\"canonical\" href=\"https:\/\/cursosbecados.com\/portal\/producto\/gto-en-recursos-humanos\/\" \/>\n<meta property=\"og:locale\" content=\"es_ES\" \/>\n<meta property=\"og:type\" content=\"article\" \/>\n<meta property=\"og:title\" content=\"GTO. EN RECURSOS HUMANOS - Cursos Becados\" \/>\n<meta property=\"og:description\" content=\"Domina herramientas para gestionar y liderar \u00e1reas de trabajo y m\u00e9todos de resoluci\u00f3n de conflictos\" \/>\n<meta property=\"og:url\" content=\"https:\/\/cursosbecados.com\/portal\/producto\/gto-en-recursos-humanos\/\" \/>\n<meta property=\"og:site_name\" content=\"Cursos Becados\" \/>\n<meta property=\"article:modified_time\" content=\"2025-09-27T19:48:58+00:00\" \/>\n<meta property=\"og:image\" content=\"https:\/\/cursosbecados.com\/portal\/wp-content\/uploads\/2025\/08\/Gto.-en-Recursos-Humanos.jpg\" \/>\n\t<meta property=\"og:image:width\" content=\"640\" \/>\n\t<meta property=\"og:image:height\" content=\"404\" \/>\n\t<meta property=\"og:image:type\" content=\"image\/jpeg\" \/>\n<meta name=\"twitter:card\" content=\"summary_large_image\" \/>\n<meta name=\"twitter:label1\" content=\"Tiempo de lectura\" \/>\n\t<meta name=\"twitter:data1\" content=\"1 minuto\" \/>\n<script type=\"application\/ld+json\" class=\"yoast-schema-graph\">{\"@context\":\"https:\/\/schema.org\",\"@graph\":[{\"@type\":\"WebPage\",\"@id\":\"https:\/\/cursosbecados.com\/portal\/producto\/gto-en-recursos-humanos\/\",\"url\":\"https:\/\/cursosbecados.com\/portal\/producto\/gto-en-recursos-humanos\/\",\"name\":\"GTO. EN RECURSOS HUMANOS - Cursos Becados\",\"isPartOf\":{\"@id\":\"https:\/\/cursosbecados.com\/portal\/#website\"},\"primaryImageOfPage\":{\"@id\":\"https:\/\/cursosbecados.com\/portal\/producto\/gto-en-recursos-humanos\/#primaryimage\"},\"image\":{\"@id\":\"https:\/\/cursosbecados.com\/portal\/producto\/gto-en-recursos-humanos\/#primaryimage\"},\"thumbnailUrl\":\"https:\/\/cursosbecados.com\/portal\/wp-content\/uploads\/2025\/08\/Gto.-en-Recursos-Humanos.jpg\",\"datePublished\":\"2025-08-23T09:12:43+00:00\",\"dateModified\":\"2025-09-27T19:48:58+00:00\",\"description\":\"Domina herramientas para gestionar y liderar \u00e1reas de trabajo y m\u00e9todos de resoluci\u00f3n de conflictos\",\"breadcrumb\":{\"@id\":\"https:\/\/cursosbecados.com\/portal\/producto\/gto-en-recursos-humanos\/#breadcrumb\"},\"inLanguage\":\"es-AR\",\"potentialAction\":[{\"@type\":\"ReadAction\",\"target\":[\"https:\/\/cursosbecados.com\/portal\/producto\/gto-en-recursos-humanos\/\"]}]},{\"@type\":\"ImageObject\",\"inLanguage\":\"es-AR\",\"@id\":\"https:\/\/cursosbecados.com\/portal\/producto\/gto-en-recursos-humanos\/#primaryimage\",\"url\":\"https:\/\/cursosbecados.com\/portal\/wp-content\/uploads\/2025\/08\/Gto.-en-Recursos-Humanos.jpg\",\"contentUrl\":\"https:\/\/cursosbecados.com\/portal\/wp-content\/uploads\/2025\/08\/Gto.-en-Recursos-Humanos.jpg\",\"width\":640,\"height\":404},{\"@type\":\"BreadcrumbList\",\"@id\":\"https:\/\/cursosbecados.com\/portal\/producto\/gto-en-recursos-humanos\/#breadcrumb\",\"itemListElement\":[{\"@type\":\"ListItem\",\"position\":1,\"name\":\"Home\",\"item\":\"https:\/\/cursosbecados.com\/portal\/\"},{\"@type\":\"ListItem\",\"position\":2,\"name\":\"Nuestros Cursos\",\"item\":\"https:\/\/cursosbecados.com\/portal\/tienda\/\"},{\"@type\":\"ListItem\",\"position\":3,\"name\":\"GTO. EN RECURSOS HUMANOS\"}]},{\"@type\":\"WebSite\",\"@id\":\"https:\/\/cursosbecados.com\/portal\/#website\",\"url\":\"https:\/\/cursosbecados.com\/portal\/\",\"name\":\"Cursos Becados\",\"description\":\"El futuro en tus manos\",\"potentialAction\":[{\"@type\":\"SearchAction\",\"target\":{\"@type\":\"EntryPoint\",\"urlTemplate\":\"https:\/\/cursosbecados.com\/portal\/?s={search_term_string}\"},\"query-input\":{\"@type\":\"PropertyValueSpecification\",\"valueRequired\":true,\"valueName\":\"search_term_string\"}}],\"inLanguage\":\"es-AR\"}]}<\/script>\n<!-- \/ Yoast SEO plugin. -->","yoast_head_json":{"title":"GTO. EN RECURSOS HUMANOS - Cursos Becados","description":"Domina herramientas para gestionar y liderar \u00e1reas de trabajo y m\u00e9todos de resoluci\u00f3n de conflictos","robots":{"index":"index","follow":"follow","max-snippet":"max-snippet:-1","max-image-preview":"max-image-preview:large","max-video-preview":"max-video-preview:-1"},"canonical":"https:\/\/cursosbecados.com\/portal\/producto\/gto-en-recursos-humanos\/","og_locale":"es_ES","og_type":"article","og_title":"GTO. EN RECURSOS HUMANOS - Cursos Becados","og_description":"Domina herramientas para gestionar y liderar \u00e1reas de trabajo y m\u00e9todos de resoluci\u00f3n de conflictos","og_url":"https:\/\/cursosbecados.com\/portal\/producto\/gto-en-recursos-humanos\/","og_site_name":"Cursos Becados","article_modified_time":"2025-09-27T19:48:58+00:00","og_image":[{"width":640,"height":404,"url":"https:\/\/cursosbecados.com\/portal\/wp-content\/uploads\/2025\/08\/Gto.-en-Recursos-Humanos.jpg","type":"image\/jpeg"}],"twitter_card":"summary_large_image","twitter_misc":{"Tiempo de lectura":"1 minuto"},"schema":{"@context":"https:\/\/schema.org","@graph":[{"@type":"WebPage","@id":"https:\/\/cursosbecados.com\/portal\/producto\/gto-en-recursos-humanos\/","url":"https:\/\/cursosbecados.com\/portal\/producto\/gto-en-recursos-humanos\/","name":"GTO. EN RECURSOS HUMANOS - Cursos Becados","isPartOf":{"@id":"https:\/\/cursosbecados.com\/portal\/#website"},"primaryImageOfPage":{"@id":"https:\/\/cursosbecados.com\/portal\/producto\/gto-en-recursos-humanos\/#primaryimage"},"image":{"@id":"https:\/\/cursosbecados.com\/portal\/producto\/gto-en-recursos-humanos\/#primaryimage"},"thumbnailUrl":"https:\/\/cursosbecados.com\/portal\/wp-content\/uploads\/2025\/08\/Gto.-en-Recursos-Humanos.jpg","datePublished":"2025-08-23T09:12:43+00:00","dateModified":"2025-09-27T19:48:58+00:00","description":"Domina herramientas para gestionar y liderar \u00e1reas de trabajo y m\u00e9todos de resoluci\u00f3n de conflictos","breadcrumb":{"@id":"https:\/\/cursosbecados.com\/portal\/producto\/gto-en-recursos-humanos\/#breadcrumb"},"inLanguage":"es-AR","potentialAction":[{"@type":"ReadAction","target":["https:\/\/cursosbecados.com\/portal\/producto\/gto-en-recursos-humanos\/"]}]},{"@type":"ImageObject","inLanguage":"es-AR","@id":"https:\/\/cursosbecados.com\/portal\/producto\/gto-en-recursos-humanos\/#primaryimage","url":"https:\/\/cursosbecados.com\/portal\/wp-content\/uploads\/2025\/08\/Gto.-en-Recursos-Humanos.jpg","contentUrl":"https:\/\/cursosbecados.com\/portal\/wp-content\/uploads\/2025\/08\/Gto.-en-Recursos-Humanos.jpg","width":640,"height":404},{"@type":"BreadcrumbList","@id":"https:\/\/cursosbecados.com\/portal\/producto\/gto-en-recursos-humanos\/#breadcrumb","itemListElement":[{"@type":"ListItem","position":1,"name":"Home","item":"https:\/\/cursosbecados.com\/portal\/"},{"@type":"ListItem","position":2,"name":"Nuestros Cursos","item":"https:\/\/cursosbecados.com\/portal\/tienda\/"},{"@type":"ListItem","position":3,"name":"GTO. EN RECURSOS HUMANOS"}]},{"@type":"WebSite","@id":"https:\/\/cursosbecados.com\/portal\/#website","url":"https:\/\/cursosbecados.com\/portal\/","name":"Cursos Becados","description":"El futuro en tus manos","potentialAction":[{"@type":"SearchAction","target":{"@type":"EntryPoint","urlTemplate":"https:\/\/cursosbecados.com\/portal\/?s={search_term_string}"},"query-input":{"@type":"PropertyValueSpecification","valueRequired":true,"valueName":"search_term_string"}}],"inLanguage":"es-AR"}]}},"_links":{"self":[{"href":"https:\/\/cursosbecados.com\/portal\/wp-json\/wp\/v2\/product\/223","targetHints":{"allow":["GET"]}}],"collection":[{"href":"https:\/\/cursosbecados.com\/portal\/wp-json\/wp\/v2\/product"}],"about":[{"href":"https:\/\/cursosbecados.com\/portal\/wp-json\/wp\/v2\/types\/product"}],"replies":[{"embeddable":true,"href":"https:\/\/cursosbecados.com\/portal\/wp-json\/wp\/v2\/comments?post=223"}],"wp:featuredmedia":[{"embeddable":true,"href":"https:\/\/cursosbecados.com\/portal\/wp-json\/wp\/v2\/media\/323"}],"wp:attachment":[{"href":"https:\/\/cursosbecados.com\/portal\/wp-json\/wp\/v2\/media?parent=223"}],"wp:term":[{"taxonomy":"product_brand","embeddable":true,"href":"https:\/\/cursosbecados.com\/portal\/wp-json\/wp\/v2\/product_brand?post=223"},{"taxonomy":"product_cat","embeddable":true,"href":"https:\/\/cursosbecados.com\/portal\/wp-json\/wp\/v2\/product_cat?post=223"},{"taxonomy":"product_tag","embeddable":true,"href":"https:\/\/cursosbecados.com\/portal\/wp-json\/wp\/v2\/product_tag?post=223"}],"curies":[{"name":"wp","href":"https:\/\/api.w.org\/{rel}","templated":true}]}}