{"id":229,"date":"2025-08-23T06:12:49","date_gmt":"2025-08-23T09:12:49","guid":{"rendered":"https:\/\/cursosbecados.com\/portal\/producto\/instructor-ajedrez\/"},"modified":"2025-09-27T16:37:08","modified_gmt":"2025-09-27T19:37:08","slug":"instructor-ajedrez","status":"publish","type":"product","link":"https:\/\/cursosbecados.com\/portal\/producto\/instructor-ajedrez\/","title":{"rendered":"INSTRUCTOR AJEDREZ"},"content":{"rendered":"<p style=\"text-align: justify; line-height: 115%; vertical-align: baseline; margin: 3.6pt 0cm 9.6pt 0cm;\"><span style=\"font-family: Arial, sans-serif;\">El ajedrez es un juego apasionante, se lo considera un deporte extraordinario y se lo valora como un eficaz instrumento pedag\u00f3gico debido a los grandes beneficios formativos y educativos que obtienen quienes lo practican de forma sistem\u00e1tica y regular. El ajedrez, enriquece los esquemas de desarrollo intelectual incidiendo directamente en el aumento de las capacidades cognitivas. <\/span><\/p>\n<p style=\"text-align: justify; line-height: 115%; vertical-align: baseline; margin: 3.6pt 0cm 9.6pt 0cm;\"><span style=\"font-family: Arial, sans-serif;\">El curso de Instructor de Ajedrez <\/span><span style=\"font-family: Arial, sans-serif;\">es un programa dise\u00f1ado para ense\u00f1ar estrategias, t\u00e1cticas y t\u00e9cnicas de ajedrez. I<span style=\"color: #000000; background: #FFFFFF;\">ncluye un conjunto de herramientas, actividades, orientaciones y materiales que facilitar\u00e1n la futura tarea de ense\u00f1anza.<\/span><\/span><\/p>\n<p style=\"text-align: justify; line-height: 115%; vertical-align: baseline; margin: 3.6pt 0cm 9.6pt 0cm;\"><span style=\"font-family: Arial, sans-serif;\">La funci\u00f3n de un instructor de ajedrez consiste en brindar clases te\u00f3ricas y pr\u00e1cticas para ense\u00f1ar los fundamentos del ajedrez, dise\u00f1ar planes de estudio personalizados para adaptarse a las necesidades individuales de los alumnos, proporcionar retroalimentaci\u00f3n constructiva para ayudar a mejorar su juego y fomentar la motivaci\u00f3n y el inter\u00e9s a trav\u00e9s de actividades l\u00fadicas.<\/span><\/p>\n","protected":false},"excerpt":{"rendered":"<p>Este programa est\u00e1 dise\u00f1ado para formar en estrategias, t\u00e1cticas y t\u00e9cnicas de ense\u00f1anza del ajedrez.<\/p>\n","protected":false},"featured_media":318,"comment_status":"open","ping_status":"closed","template":"","meta":{"_joinchat":[]},"product_brand":[],"product_cat":[21],"product_tag":[],"class_list":{"0":"post-229","1":"product","2":"type-product","3":"status-publish","4":"has-post-thumbnail","6":"product_cat-formacion-profesional","8":"first","9":"instock","10":"sale","11":"taxable","12":"shipping-taxable","13":"purchasable","14":"product-type-simple"},"yoast_head":"<!-- This site is optimized with the Yoast SEO plugin v26.0 - https:\/\/yoast.com\/wordpress\/plugins\/seo\/ -->\n<title>INSTRUCTOR AJEDREZ - Cursos Becados<\/title>\n<meta name=\"description\" content=\"Este programa est\u00e1 dise\u00f1ado para formar en estrategias, t\u00e1cticas y t\u00e9cnicas de ense\u00f1anza del ajedrez.\" \/>\n<meta name=\"robots\" content=\"index, follow, max-snippet:-1, max-image-preview:large, max-video-preview:-1\" \/>\n<link rel=\"canonical\" href=\"https:\/\/cursosbecados.com\/portal\/producto\/instructor-ajedrez\/\" \/>\n<meta property=\"og:locale\" content=\"es_ES\" \/>\n<meta property=\"og:type\" content=\"article\" \/>\n<meta property=\"og:title\" content=\"INSTRUCTOR AJEDREZ - Cursos Becados\" \/>\n<meta property=\"og:description\" content=\"Este programa est\u00e1 dise\u00f1ado para formar en estrategias, t\u00e1cticas y t\u00e9cnicas de ense\u00f1anza del ajedrez.\" \/>\n<meta property=\"og:url\" content=\"https:\/\/cursosbecados.com\/portal\/producto\/instructor-ajedrez\/\" \/>\n<meta property=\"og:site_name\" content=\"Cursos Becados\" \/>\n<meta property=\"article:modified_time\" content=\"2025-09-27T19:37:08+00:00\" \/>\n<meta property=\"og:image\" content=\"https:\/\/cursosbecados.com\/portal\/wp-content\/uploads\/2025\/08\/Ajedrez-1.jpg\" \/>\n\t<meta property=\"og:image:width\" content=\"640\" \/>\n\t<meta property=\"og:image:height\" content=\"456\" \/>\n\t<meta property=\"og:image:type\" content=\"image\/jpeg\" \/>\n<meta name=\"twitter:card\" content=\"summary_large_image\" \/>\n<meta name=\"twitter:label1\" content=\"Tiempo de lectura\" \/>\n\t<meta name=\"twitter:data1\" content=\"1 minuto\" \/>\n<script type=\"application\/ld+json\" class=\"yoast-schema-graph\">{\"@context\":\"https:\/\/schema.org\",\"@graph\":[{\"@type\":\"WebPage\",\"@id\":\"https:\/\/cursosbecados.com\/portal\/producto\/instructor-ajedrez\/\",\"url\":\"https:\/\/cursosbecados.com\/portal\/producto\/instructor-ajedrez\/\",\"name\":\"INSTRUCTOR AJEDREZ - Cursos Becados\",\"isPartOf\":{\"@id\":\"https:\/\/cursosbecados.com\/portal\/#website\"},\"primaryImageOfPage\":{\"@id\":\"https:\/\/cursosbecados.com\/portal\/producto\/instructor-ajedrez\/#primaryimage\"},\"image\":{\"@id\":\"https:\/\/cursosbecados.com\/portal\/producto\/instructor-ajedrez\/#primaryimage\"},\"thumbnailUrl\":\"https:\/\/cursosbecados.com\/portal\/wp-content\/uploads\/2025\/08\/Ajedrez-1.jpg\",\"datePublished\":\"2025-08-23T09:12:49+00:00\",\"dateModified\":\"2025-09-27T19:37:08+00:00\",\"description\":\"Este programa est\u00e1 dise\u00f1ado para formar en estrategias, t\u00e1cticas y t\u00e9cnicas de ense\u00f1anza del ajedrez.\",\"breadcrumb\":{\"@id\":\"https:\/\/cursosbecados.com\/portal\/producto\/instructor-ajedrez\/#breadcrumb\"},\"inLanguage\":\"es-AR\",\"potentialAction\":[{\"@type\":\"ReadAction\",\"target\":[\"https:\/\/cursosbecados.com\/portal\/producto\/instructor-ajedrez\/\"]}]},{\"@type\":\"ImageObject\",\"inLanguage\":\"es-AR\",\"@id\":\"https:\/\/cursosbecados.com\/portal\/producto\/instructor-ajedrez\/#primaryimage\",\"url\":\"https:\/\/cursosbecados.com\/portal\/wp-content\/uploads\/2025\/08\/Ajedrez-1.jpg\",\"contentUrl\":\"https:\/\/cursosbecados.com\/portal\/wp-content\/uploads\/2025\/08\/Ajedrez-1.jpg\",\"width\":640,\"height\":456},{\"@type\":\"BreadcrumbList\",\"@id\":\"https:\/\/cursosbecados.com\/portal\/producto\/instructor-ajedrez\/#breadcrumb\",\"itemListElement\":[{\"@type\":\"ListItem\",\"position\":1,\"name\":\"Home\",\"item\":\"https:\/\/cursosbecados.com\/portal\/\"},{\"@type\":\"ListItem\",\"position\":2,\"name\":\"Nuestros Cursos\",\"item\":\"https:\/\/cursosbecados.com\/portal\/tienda\/\"},{\"@type\":\"ListItem\",\"position\":3,\"name\":\"INSTRUCTOR AJEDREZ\"}]},{\"@type\":\"WebSite\",\"@id\":\"https:\/\/cursosbecados.com\/portal\/#website\",\"url\":\"https:\/\/cursosbecados.com\/portal\/\",\"name\":\"Cursos Becados\",\"description\":\"El futuro en tus manos\",\"potentialAction\":[{\"@type\":\"SearchAction\",\"target\":{\"@type\":\"EntryPoint\",\"urlTemplate\":\"https:\/\/cursosbecados.com\/portal\/?s={search_term_string}\"},\"query-input\":{\"@type\":\"PropertyValueSpecification\",\"valueRequired\":true,\"valueName\":\"search_term_string\"}}],\"inLanguage\":\"es-AR\"}]}<\/script>\n<!-- \/ Yoast SEO plugin. -->","yoast_head_json":{"title":"INSTRUCTOR AJEDREZ - Cursos Becados","description":"Este programa est\u00e1 dise\u00f1ado para formar en estrategias, t\u00e1cticas y t\u00e9cnicas de ense\u00f1anza del ajedrez.","robots":{"index":"index","follow":"follow","max-snippet":"max-snippet:-1","max-image-preview":"max-image-preview:large","max-video-preview":"max-video-preview:-1"},"canonical":"https:\/\/cursosbecados.com\/portal\/producto\/instructor-ajedrez\/","og_locale":"es_ES","og_type":"article","og_title":"INSTRUCTOR AJEDREZ - Cursos Becados","og_description":"Este programa est\u00e1 dise\u00f1ado para formar en estrategias, t\u00e1cticas y t\u00e9cnicas de ense\u00f1anza del ajedrez.","og_url":"https:\/\/cursosbecados.com\/portal\/producto\/instructor-ajedrez\/","og_site_name":"Cursos Becados","article_modified_time":"2025-09-27T19:37:08+00:00","og_image":[{"width":640,"height":456,"url":"https:\/\/cursosbecados.com\/portal\/wp-content\/uploads\/2025\/08\/Ajedrez-1.jpg","type":"image\/jpeg"}],"twitter_card":"summary_large_image","twitter_misc":{"Tiempo de lectura":"1 minuto"},"schema":{"@context":"https:\/\/schema.org","@graph":[{"@type":"WebPage","@id":"https:\/\/cursosbecados.com\/portal\/producto\/instructor-ajedrez\/","url":"https:\/\/cursosbecados.com\/portal\/producto\/instructor-ajedrez\/","name":"INSTRUCTOR AJEDREZ - Cursos Becados","isPartOf":{"@id":"https:\/\/cursosbecados.com\/portal\/#website"},"primaryImageOfPage":{"@id":"https:\/\/cursosbecados.com\/portal\/producto\/instructor-ajedrez\/#primaryimage"},"image":{"@id":"https:\/\/cursosbecados.com\/portal\/producto\/instructor-ajedrez\/#primaryimage"},"thumbnailUrl":"https:\/\/cursosbecados.com\/portal\/wp-content\/uploads\/2025\/08\/Ajedrez-1.jpg","datePublished":"2025-08-23T09:12:49+00:00","dateModified":"2025-09-27T19:37:08+00:00","description":"Este programa est\u00e1 dise\u00f1ado para formar en estrategias, t\u00e1cticas y t\u00e9cnicas de ense\u00f1anza del ajedrez.","breadcrumb":{"@id":"https:\/\/cursosbecados.com\/portal\/producto\/instructor-ajedrez\/#breadcrumb"},"inLanguage":"es-AR","potentialAction":[{"@type":"ReadAction","target":["https:\/\/cursosbecados.com\/portal\/producto\/instructor-ajedrez\/"]}]},{"@type":"ImageObject","inLanguage":"es-AR","@id":"https:\/\/cursosbecados.com\/portal\/producto\/instructor-ajedrez\/#primaryimage","url":"https:\/\/cursosbecados.com\/portal\/wp-content\/uploads\/2025\/08\/Ajedrez-1.jpg","contentUrl":"https:\/\/cursosbecados.com\/portal\/wp-content\/uploads\/2025\/08\/Ajedrez-1.jpg","width":640,"height":456},{"@type":"BreadcrumbList","@id":"https:\/\/cursosbecados.com\/portal\/producto\/instructor-ajedrez\/#breadcrumb","itemListElement":[{"@type":"ListItem","position":1,"name":"Home","item":"https:\/\/cursosbecados.com\/portal\/"},{"@type":"ListItem","position":2,"name":"Nuestros Cursos","item":"https:\/\/cursosbecados.com\/portal\/tienda\/"},{"@type":"ListItem","position":3,"name":"INSTRUCTOR AJEDREZ"}]},{"@type":"WebSite","@id":"https:\/\/cursosbecados.com\/portal\/#website","url":"https:\/\/cursosbecados.com\/portal\/","name":"Cursos Becados","description":"El futuro en tus manos","potentialAction":[{"@type":"SearchAction","target":{"@type":"EntryPoint","urlTemplate":"https:\/\/cursosbecados.com\/portal\/?s={search_term_string}"},"query-input":{"@type":"PropertyValueSpecification","valueRequired":true,"valueName":"search_term_string"}}],"inLanguage":"es-AR"}]}},"_links":{"self":[{"href":"https:\/\/cursosbecados.com\/portal\/wp-json\/wp\/v2\/product\/229","targetHints":{"allow":["GET"]}}],"collection":[{"href":"https:\/\/cursosbecados.com\/portal\/wp-json\/wp\/v2\/product"}],"about":[{"href":"https:\/\/cursosbecados.com\/portal\/wp-json\/wp\/v2\/types\/product"}],"replies":[{"embeddable":true,"href":"https:\/\/cursosbecados.com\/portal\/wp-json\/wp\/v2\/comments?post=229"}],"wp:featuredmedia":[{"embeddable":true,"href":"https:\/\/cursosbecados.com\/portal\/wp-json\/wp\/v2\/media\/318"}],"wp:attachment":[{"href":"https:\/\/cursosbecados.com\/portal\/wp-json\/wp\/v2\/media?parent=229"}],"wp:term":[{"taxonomy":"product_brand","embeddable":true,"href":"https:\/\/cursosbecados.com\/portal\/wp-json\/wp\/v2\/product_brand?post=229"},{"taxonomy":"product_cat","embeddable":true,"href":"https:\/\/cursosbecados.com\/portal\/wp-json\/wp\/v2\/product_cat?post=229"},{"taxonomy":"product_tag","embeddable":true,"href":"https:\/\/cursosbecados.com\/portal\/wp-json\/wp\/v2\/product_tag?post=229"}],"curies":[{"name":"wp","href":"https:\/\/api.w.org\/{rel}","templated":true}]}}