{"id":231,"date":"2025-08-23T06:12:51","date_gmt":"2025-08-23T09:12:51","guid":{"rendered":"https:\/\/cursosbecados.com\/portal\/producto\/decorador-de-vidrieras\/"},"modified":"2025-09-27T16:31:50","modified_gmt":"2025-09-27T19:31:50","slug":"decorador-de-vidrieras","status":"publish","type":"product","link":"https:\/\/cursosbecados.com\/portal\/producto\/decorador-de-vidrieras\/","title":{"rendered":"DECORADOR DE VIDRIERAS"},"content":{"rendered":"<p class=\"MsoNormal\" style=\"text-align: justify; line-height: 115%;\"><span lang=\"es-ar\" style=\"font-family: Arial, sans-serif; color: #000000; background: #FFFFFF;\" xml:lang=\"es-ar\">La decoraci\u00f3n de vidrieras es crucial porque\u00a0act\u00faa como la primera impresi\u00f3n de un negocio, atrayendo a clientes potenciales y comunicando la identidad de la marca.\u00a0Una vidriera bien dise\u00f1ada no solo exhibe productos, sino que tambi\u00e9n genera inter\u00e9s, fomenta la compra y ayuda a diferenciar un negocio de la competencia.<span class=\"uv3um\">\u00a0<\/span><\/span><\/p>\n<p class=\"MsoNormal\" style=\"text-align: justify; line-height: 115%;\"><span lang=\"es-ar\" style=\"font-family: Arial, sans-serif;\" xml:lang=\"es-ar\">La funci\u00f3n principal de las vidrieras consiste en emitir un determinado mensaje y captar la atenci\u00f3n de los clientes o potenciales clientes.<\/span><\/p>\n<p class=\"MsoNormal\" style=\"text-align: justify; line-height: 115%;\"><span lang=\"es-ar\" style=\"font-family: Arial, sans-serif;\" xml:lang=\"es-ar\">Para que el dise\u00f1o de vidrieras sea acertado se requiere del trabajo y la experiencia de un vidrierista profesional que pueda asesorar a los comerciantes sobre las \u00faltimas tendencias en decoraci\u00f3n de vidrieras y sobre c\u00f3mo exhibir sus productos de manera correcta.<\/span><\/p>\n<p class=\"MsoNormal\" style=\"text-align: justify; line-height: 115%;\"><span lang=\"es-ar\" style=\"font-family: Arial, sans-serif;\" xml:lang=\"es-ar\">El dise\u00f1o de vidrieras implica contar con ciertos conocimientos espec\u00edficos en el \u00e1rea de dise\u00f1o, arte, decoraci\u00f3n y colocaci\u00f3n de productos. Generalmente los profesionales dedicados a este tipo de actividad suelen tomar el concepto de imagen de la marca y a partir de ello unificar un criterio visual que pueda plasmarse en la vidriera, transmitir un mensaje e identificar la marca.<\/span><\/p>\n<p class=\"MsoNormal\" style=\"text-align: justify; line-height: 115%;\"><span lang=\"es-ar\" style=\"font-family: Arial, sans-serif;\" xml:lang=\"es-ar\">No se trata simplemente de mostrar los productos sino de saber seducir a los clientes a trav\u00e9s de las vidrieras. Es decir que el resultado de aportar arte, dise\u00f1o y creatividad en las vidrieras se ver\u00e1 reflejado directamente en las ventas.<\/span><\/p>\n","protected":false},"excerpt":{"rendered":"<p>Aprende a dise\u00f1ar vidrieras y asesorar a comerciantes sobre las \u00faltimas tendencias en decoraci\u00f3n de vidrieras.<\/p>\n","protected":false},"featured_media":317,"comment_status":"open","ping_status":"closed","template":"","meta":{"_joinchat":[]},"product_brand":[],"product_cat":[21],"product_tag":[],"class_list":{"0":"post-231","1":"product","2":"type-product","3":"status-publish","4":"has-post-thumbnail","6":"product_cat-formacion-profesional","8":"first","9":"instock","10":"sale","11":"taxable","12":"shipping-taxable","13":"purchasable","14":"product-type-simple"},"yoast_head":"<!-- This site is optimized with the Yoast SEO plugin v26.0 - https:\/\/yoast.com\/wordpress\/plugins\/seo\/ -->\n<title>DECORADOR DE VIDRIERAS - Cursos Becados<\/title>\n<meta name=\"description\" content=\"Aprende a dise\u00f1ar vidrieras y asesorar a comerciantes sobre las \u00faltimas tendencias en decoraci\u00f3n de vidrieras.\" \/>\n<meta name=\"robots\" content=\"index, follow, max-snippet:-1, max-image-preview:large, max-video-preview:-1\" \/>\n<link rel=\"canonical\" href=\"https:\/\/cursosbecados.com\/portal\/producto\/decorador-de-vidrieras\/\" \/>\n<meta property=\"og:locale\" content=\"es_ES\" \/>\n<meta property=\"og:type\" content=\"article\" \/>\n<meta property=\"og:title\" content=\"DECORADOR DE VIDRIERAS - Cursos Becados\" \/>\n<meta property=\"og:description\" content=\"Aprende a dise\u00f1ar vidrieras y asesorar a comerciantes sobre las \u00faltimas tendencias en decoraci\u00f3n de vidrieras.\" \/>\n<meta property=\"og:url\" content=\"https:\/\/cursosbecados.com\/portal\/producto\/decorador-de-vidrieras\/\" \/>\n<meta property=\"og:site_name\" content=\"Cursos Becados\" \/>\n<meta property=\"article:modified_time\" content=\"2025-09-27T19:31:50+00:00\" \/>\n<meta property=\"og:image\" content=\"https:\/\/cursosbecados.com\/portal\/wp-content\/uploads\/2025\/08\/Decorador-de-Vidrieras.jpg\" \/>\n\t<meta property=\"og:image:width\" content=\"640\" \/>\n\t<meta property=\"og:image:height\" content=\"427\" \/>\n\t<meta property=\"og:image:type\" content=\"image\/jpeg\" \/>\n<meta name=\"twitter:card\" content=\"summary_large_image\" \/>\n<meta name=\"twitter:label1\" content=\"Tiempo de lectura\" \/>\n\t<meta name=\"twitter:data1\" content=\"2 minutos\" \/>\n<script type=\"application\/ld+json\" class=\"yoast-schema-graph\">{\"@context\":\"https:\/\/schema.org\",\"@graph\":[{\"@type\":\"WebPage\",\"@id\":\"https:\/\/cursosbecados.com\/portal\/producto\/decorador-de-vidrieras\/\",\"url\":\"https:\/\/cursosbecados.com\/portal\/producto\/decorador-de-vidrieras\/\",\"name\":\"DECORADOR DE VIDRIERAS - Cursos Becados\",\"isPartOf\":{\"@id\":\"https:\/\/cursosbecados.com\/portal\/#website\"},\"primaryImageOfPage\":{\"@id\":\"https:\/\/cursosbecados.com\/portal\/producto\/decorador-de-vidrieras\/#primaryimage\"},\"image\":{\"@id\":\"https:\/\/cursosbecados.com\/portal\/producto\/decorador-de-vidrieras\/#primaryimage\"},\"thumbnailUrl\":\"https:\/\/cursosbecados.com\/portal\/wp-content\/uploads\/2025\/08\/Decorador-de-Vidrieras.jpg\",\"datePublished\":\"2025-08-23T09:12:51+00:00\",\"dateModified\":\"2025-09-27T19:31:50+00:00\",\"description\":\"Aprende a dise\u00f1ar vidrieras y asesorar a comerciantes sobre las \u00faltimas tendencias en decoraci\u00f3n de vidrieras.\",\"breadcrumb\":{\"@id\":\"https:\/\/cursosbecados.com\/portal\/producto\/decorador-de-vidrieras\/#breadcrumb\"},\"inLanguage\":\"es-AR\",\"potentialAction\":[{\"@type\":\"ReadAction\",\"target\":[\"https:\/\/cursosbecados.com\/portal\/producto\/decorador-de-vidrieras\/\"]}]},{\"@type\":\"ImageObject\",\"inLanguage\":\"es-AR\",\"@id\":\"https:\/\/cursosbecados.com\/portal\/producto\/decorador-de-vidrieras\/#primaryimage\",\"url\":\"https:\/\/cursosbecados.com\/portal\/wp-content\/uploads\/2025\/08\/Decorador-de-Vidrieras.jpg\",\"contentUrl\":\"https:\/\/cursosbecados.com\/portal\/wp-content\/uploads\/2025\/08\/Decorador-de-Vidrieras.jpg\",\"width\":640,\"height\":427},{\"@type\":\"BreadcrumbList\",\"@id\":\"https:\/\/cursosbecados.com\/portal\/producto\/decorador-de-vidrieras\/#breadcrumb\",\"itemListElement\":[{\"@type\":\"ListItem\",\"position\":1,\"name\":\"Home\",\"item\":\"https:\/\/cursosbecados.com\/portal\/\"},{\"@type\":\"ListItem\",\"position\":2,\"name\":\"Nuestros Cursos\",\"item\":\"https:\/\/cursosbecados.com\/portal\/tienda\/\"},{\"@type\":\"ListItem\",\"position\":3,\"name\":\"DECORADOR DE VIDRIERAS\"}]},{\"@type\":\"WebSite\",\"@id\":\"https:\/\/cursosbecados.com\/portal\/#website\",\"url\":\"https:\/\/cursosbecados.com\/portal\/\",\"name\":\"Cursos Becados\",\"description\":\"El futuro en tus manos\",\"potentialAction\":[{\"@type\":\"SearchAction\",\"target\":{\"@type\":\"EntryPoint\",\"urlTemplate\":\"https:\/\/cursosbecados.com\/portal\/?s={search_term_string}\"},\"query-input\":{\"@type\":\"PropertyValueSpecification\",\"valueRequired\":true,\"valueName\":\"search_term_string\"}}],\"inLanguage\":\"es-AR\"}]}<\/script>\n<!-- \/ Yoast SEO plugin. -->","yoast_head_json":{"title":"DECORADOR DE VIDRIERAS - Cursos Becados","description":"Aprende a dise\u00f1ar vidrieras y asesorar a comerciantes sobre las \u00faltimas tendencias en decoraci\u00f3n de vidrieras.","robots":{"index":"index","follow":"follow","max-snippet":"max-snippet:-1","max-image-preview":"max-image-preview:large","max-video-preview":"max-video-preview:-1"},"canonical":"https:\/\/cursosbecados.com\/portal\/producto\/decorador-de-vidrieras\/","og_locale":"es_ES","og_type":"article","og_title":"DECORADOR DE VIDRIERAS - Cursos Becados","og_description":"Aprende a dise\u00f1ar vidrieras y asesorar a comerciantes sobre las \u00faltimas tendencias en decoraci\u00f3n de vidrieras.","og_url":"https:\/\/cursosbecados.com\/portal\/producto\/decorador-de-vidrieras\/","og_site_name":"Cursos Becados","article_modified_time":"2025-09-27T19:31:50+00:00","og_image":[{"width":640,"height":427,"url":"https:\/\/cursosbecados.com\/portal\/wp-content\/uploads\/2025\/08\/Decorador-de-Vidrieras.jpg","type":"image\/jpeg"}],"twitter_card":"summary_large_image","twitter_misc":{"Tiempo de lectura":"2 minutos"},"schema":{"@context":"https:\/\/schema.org","@graph":[{"@type":"WebPage","@id":"https:\/\/cursosbecados.com\/portal\/producto\/decorador-de-vidrieras\/","url":"https:\/\/cursosbecados.com\/portal\/producto\/decorador-de-vidrieras\/","name":"DECORADOR DE VIDRIERAS - Cursos Becados","isPartOf":{"@id":"https:\/\/cursosbecados.com\/portal\/#website"},"primaryImageOfPage":{"@id":"https:\/\/cursosbecados.com\/portal\/producto\/decorador-de-vidrieras\/#primaryimage"},"image":{"@id":"https:\/\/cursosbecados.com\/portal\/producto\/decorador-de-vidrieras\/#primaryimage"},"thumbnailUrl":"https:\/\/cursosbecados.com\/portal\/wp-content\/uploads\/2025\/08\/Decorador-de-Vidrieras.jpg","datePublished":"2025-08-23T09:12:51+00:00","dateModified":"2025-09-27T19:31:50+00:00","description":"Aprende a dise\u00f1ar vidrieras y asesorar a comerciantes sobre las \u00faltimas tendencias en decoraci\u00f3n de vidrieras.","breadcrumb":{"@id":"https:\/\/cursosbecados.com\/portal\/producto\/decorador-de-vidrieras\/#breadcrumb"},"inLanguage":"es-AR","potentialAction":[{"@type":"ReadAction","target":["https:\/\/cursosbecados.com\/portal\/producto\/decorador-de-vidrieras\/"]}]},{"@type":"ImageObject","inLanguage":"es-AR","@id":"https:\/\/cursosbecados.com\/portal\/producto\/decorador-de-vidrieras\/#primaryimage","url":"https:\/\/cursosbecados.com\/portal\/wp-content\/uploads\/2025\/08\/Decorador-de-Vidrieras.jpg","contentUrl":"https:\/\/cursosbecados.com\/portal\/wp-content\/uploads\/2025\/08\/Decorador-de-Vidrieras.jpg","width":640,"height":427},{"@type":"BreadcrumbList","@id":"https:\/\/cursosbecados.com\/portal\/producto\/decorador-de-vidrieras\/#breadcrumb","itemListElement":[{"@type":"ListItem","position":1,"name":"Home","item":"https:\/\/cursosbecados.com\/portal\/"},{"@type":"ListItem","position":2,"name":"Nuestros Cursos","item":"https:\/\/cursosbecados.com\/portal\/tienda\/"},{"@type":"ListItem","position":3,"name":"DECORADOR DE VIDRIERAS"}]},{"@type":"WebSite","@id":"https:\/\/cursosbecados.com\/portal\/#website","url":"https:\/\/cursosbecados.com\/portal\/","name":"Cursos Becados","description":"El futuro en tus manos","potentialAction":[{"@type":"SearchAction","target":{"@type":"EntryPoint","urlTemplate":"https:\/\/cursosbecados.com\/portal\/?s={search_term_string}"},"query-input":{"@type":"PropertyValueSpecification","valueRequired":true,"valueName":"search_term_string"}}],"inLanguage":"es-AR"}]}},"_links":{"self":[{"href":"https:\/\/cursosbecados.com\/portal\/wp-json\/wp\/v2\/product\/231","targetHints":{"allow":["GET"]}}],"collection":[{"href":"https:\/\/cursosbecados.com\/portal\/wp-json\/wp\/v2\/product"}],"about":[{"href":"https:\/\/cursosbecados.com\/portal\/wp-json\/wp\/v2\/types\/product"}],"replies":[{"embeddable":true,"href":"https:\/\/cursosbecados.com\/portal\/wp-json\/wp\/v2\/comments?post=231"}],"wp:featuredmedia":[{"embeddable":true,"href":"https:\/\/cursosbecados.com\/portal\/wp-json\/wp\/v2\/media\/317"}],"wp:attachment":[{"href":"https:\/\/cursosbecados.com\/portal\/wp-json\/wp\/v2\/media?parent=231"}],"wp:term":[{"taxonomy":"product_brand","embeddable":true,"href":"https:\/\/cursosbecados.com\/portal\/wp-json\/wp\/v2\/product_brand?post=231"},{"taxonomy":"product_cat","embeddable":true,"href":"https:\/\/cursosbecados.com\/portal\/wp-json\/wp\/v2\/product_cat?post=231"},{"taxonomy":"product_tag","embeddable":true,"href":"https:\/\/cursosbecados.com\/portal\/wp-json\/wp\/v2\/product_tag?post=231"}],"curies":[{"name":"wp","href":"https:\/\/api.w.org\/{rel}","templated":true}]}}