{"id":237,"date":"2025-08-23T06:12:55","date_gmt":"2025-08-23T09:12:55","guid":{"rendered":"https:\/\/cursosbecados.com\/portal\/producto\/metodos-y-tecnicas-de-estudio\/"},"modified":"2025-09-27T16:08:00","modified_gmt":"2025-09-27T19:08:00","slug":"metodos-y-tecnicas-de-estudio","status":"publish","type":"product","link":"https:\/\/cursosbecados.com\/portal\/producto\/metodos-y-tecnicas-de-estudio\/","title":{"rendered":"METODOS Y TECNICAS DE ESTUDIO"},"content":{"rendered":"<p style=\"margin: 0cm; text-align: justify;\"><span class=\"verdana-121\"><span style=\"font-size: 14pt; line-height: 107%; font-family: Arial, sans-serif;\">Existen diferentes <\/span><\/span><span style=\"font-size: 14pt; line-height: 107%; font-family: Arial, sans-serif;\">m\u00e9todos, t\u00e9cnicas, estrategias y herramientas de estudio orientadas a los estudiantes para que puedan mejorar su proceso de aprendizaje<\/span><\/p>\n<p style=\"margin: 0cm; text-align: justify;\"><span style=\"font-size: 14pt; line-height: 107%; font-family: Arial, sans-serif;\">Fomentan la organizaci\u00f3n de sus tareas, el aprovechamiento del tiempo que dedican a estudiar, mejoran la comprensi\u00f3n de textos, la capacidad de s\u00edntesis y de memorizaci\u00f3n y, en definitiva, proporcionan mayor autonom\u00eda.<\/span><\/p>\n<p style=\"margin: 0cm; text-align: justify;\"><span style=\"font-size: 14pt; line-height: 107%; font-family: Arial, sans-serif;\">Pretenden dar respuesta a las dificultades en los estudios y a una falta de habilidades de organizaci\u00f3n, planificaci\u00f3n y afrontamiento de las tareas escolares.<\/span><\/p>\n<p style=\"margin: 0cm; text-align: justify;\"><span style=\"font-size: 14pt; line-height: 107%; font-family: Arial, sans-serif;\">En el curso encontraran un conjunto de m\u00e9todos y t\u00e9cnicas de estudio muy variados y de f\u00e1cil aplicaci\u00f3n e implementaci\u00f3n<\/span><\/p>\n","protected":false},"excerpt":{"rendered":"<p>Organiza tus tareas, mejora la comprensi\u00f3n de textos, aprovecha mejor tu tiempo, utiliza diferentes m\u00e9todos y t\u00e9cnicas de estudio<\/p>\n","protected":false},"featured_media":313,"comment_status":"open","ping_status":"closed","template":"","meta":{"_joinchat":[]},"product_brand":[],"product_cat":[23],"product_tag":[],"class_list":{"0":"post-237","1":"product","2":"type-product","3":"status-publish","4":"has-post-thumbnail","6":"product_cat-educacion","8":"first","9":"instock","10":"sale","11":"taxable","12":"shipping-taxable","13":"purchasable","14":"product-type-simple"},"yoast_head":"<!-- This site is optimized with the Yoast SEO plugin v26.0 - https:\/\/yoast.com\/wordpress\/plugins\/seo\/ -->\n<title>METODOS Y TECNICAS DE ESTUDIO - Cursos Becados<\/title>\n<meta name=\"description\" content=\"Organiza tus tareas, mejora la comprensi\u00f3n de textos, aprovecha mejor tu tiempo, utiliza diferentes m\u00e9todos y t\u00e9cnicas de estudio\" \/>\n<meta name=\"robots\" content=\"index, follow, max-snippet:-1, max-image-preview:large, max-video-preview:-1\" \/>\n<link rel=\"canonical\" href=\"https:\/\/cursosbecados.com\/portal\/producto\/metodos-y-tecnicas-de-estudio\/\" \/>\n<meta property=\"og:locale\" content=\"es_ES\" \/>\n<meta property=\"og:type\" content=\"article\" \/>\n<meta property=\"og:title\" content=\"METODOS Y TECNICAS DE ESTUDIO - Cursos Becados\" \/>\n<meta property=\"og:description\" content=\"Organiza tus tareas, mejora la comprensi\u00f3n de textos, aprovecha mejor tu tiempo, utiliza diferentes m\u00e9todos y t\u00e9cnicas de estudio\" \/>\n<meta property=\"og:url\" content=\"https:\/\/cursosbecados.com\/portal\/producto\/metodos-y-tecnicas-de-estudio\/\" \/>\n<meta property=\"og:site_name\" content=\"Cursos Becados\" \/>\n<meta property=\"article:modified_time\" content=\"2025-09-27T19:08:00+00:00\" \/>\n<meta property=\"og:image\" content=\"https:\/\/cursosbecados.com\/portal\/wp-content\/uploads\/2025\/08\/Metodos-y-Tecnicas-de-Estudio.jpg\" \/>\n\t<meta property=\"og:image:width\" content=\"640\" \/>\n\t<meta property=\"og:image:height\" content=\"427\" \/>\n\t<meta property=\"og:image:type\" content=\"image\/jpeg\" \/>\n<meta name=\"twitter:card\" content=\"summary_large_image\" \/>\n<meta name=\"twitter:label1\" content=\"Tiempo de lectura\" \/>\n\t<meta name=\"twitter:data1\" content=\"1 minuto\" \/>\n<script type=\"application\/ld+json\" class=\"yoast-schema-graph\">{\"@context\":\"https:\/\/schema.org\",\"@graph\":[{\"@type\":\"WebPage\",\"@id\":\"https:\/\/cursosbecados.com\/portal\/producto\/metodos-y-tecnicas-de-estudio\/\",\"url\":\"https:\/\/cursosbecados.com\/portal\/producto\/metodos-y-tecnicas-de-estudio\/\",\"name\":\"METODOS Y TECNICAS DE ESTUDIO - Cursos Becados\",\"isPartOf\":{\"@id\":\"https:\/\/cursosbecados.com\/portal\/#website\"},\"primaryImageOfPage\":{\"@id\":\"https:\/\/cursosbecados.com\/portal\/producto\/metodos-y-tecnicas-de-estudio\/#primaryimage\"},\"image\":{\"@id\":\"https:\/\/cursosbecados.com\/portal\/producto\/metodos-y-tecnicas-de-estudio\/#primaryimage\"},\"thumbnailUrl\":\"https:\/\/cursosbecados.com\/portal\/wp-content\/uploads\/2025\/08\/Metodos-y-Tecnicas-de-Estudio.jpg\",\"datePublished\":\"2025-08-23T09:12:55+00:00\",\"dateModified\":\"2025-09-27T19:08:00+00:00\",\"description\":\"Organiza tus tareas, mejora la comprensi\u00f3n de textos, aprovecha mejor tu tiempo, utiliza diferentes m\u00e9todos y t\u00e9cnicas de estudio\",\"breadcrumb\":{\"@id\":\"https:\/\/cursosbecados.com\/portal\/producto\/metodos-y-tecnicas-de-estudio\/#breadcrumb\"},\"inLanguage\":\"es-AR\",\"potentialAction\":[{\"@type\":\"ReadAction\",\"target\":[\"https:\/\/cursosbecados.com\/portal\/producto\/metodos-y-tecnicas-de-estudio\/\"]}]},{\"@type\":\"ImageObject\",\"inLanguage\":\"es-AR\",\"@id\":\"https:\/\/cursosbecados.com\/portal\/producto\/metodos-y-tecnicas-de-estudio\/#primaryimage\",\"url\":\"https:\/\/cursosbecados.com\/portal\/wp-content\/uploads\/2025\/08\/Metodos-y-Tecnicas-de-Estudio.jpg\",\"contentUrl\":\"https:\/\/cursosbecados.com\/portal\/wp-content\/uploads\/2025\/08\/Metodos-y-Tecnicas-de-Estudio.jpg\",\"width\":640,\"height\":427},{\"@type\":\"BreadcrumbList\",\"@id\":\"https:\/\/cursosbecados.com\/portal\/producto\/metodos-y-tecnicas-de-estudio\/#breadcrumb\",\"itemListElement\":[{\"@type\":\"ListItem\",\"position\":1,\"name\":\"Home\",\"item\":\"https:\/\/cursosbecados.com\/portal\/\"},{\"@type\":\"ListItem\",\"position\":2,\"name\":\"Nuestros Cursos\",\"item\":\"https:\/\/cursosbecados.com\/portal\/tienda\/\"},{\"@type\":\"ListItem\",\"position\":3,\"name\":\"METODOS Y TECNICAS DE ESTUDIO\"}]},{\"@type\":\"WebSite\",\"@id\":\"https:\/\/cursosbecados.com\/portal\/#website\",\"url\":\"https:\/\/cursosbecados.com\/portal\/\",\"name\":\"Cursos Becados\",\"description\":\"El futuro en tus manos\",\"potentialAction\":[{\"@type\":\"SearchAction\",\"target\":{\"@type\":\"EntryPoint\",\"urlTemplate\":\"https:\/\/cursosbecados.com\/portal\/?s={search_term_string}\"},\"query-input\":{\"@type\":\"PropertyValueSpecification\",\"valueRequired\":true,\"valueName\":\"search_term_string\"}}],\"inLanguage\":\"es-AR\"}]}<\/script>\n<!-- \/ Yoast SEO plugin. -->","yoast_head_json":{"title":"METODOS Y TECNICAS DE ESTUDIO - Cursos Becados","description":"Organiza tus tareas, mejora la comprensi\u00f3n de textos, aprovecha mejor tu tiempo, utiliza diferentes m\u00e9todos y t\u00e9cnicas de estudio","robots":{"index":"index","follow":"follow","max-snippet":"max-snippet:-1","max-image-preview":"max-image-preview:large","max-video-preview":"max-video-preview:-1"},"canonical":"https:\/\/cursosbecados.com\/portal\/producto\/metodos-y-tecnicas-de-estudio\/","og_locale":"es_ES","og_type":"article","og_title":"METODOS Y TECNICAS DE ESTUDIO - Cursos Becados","og_description":"Organiza tus tareas, mejora la comprensi\u00f3n de textos, aprovecha mejor tu tiempo, utiliza diferentes m\u00e9todos y t\u00e9cnicas de estudio","og_url":"https:\/\/cursosbecados.com\/portal\/producto\/metodos-y-tecnicas-de-estudio\/","og_site_name":"Cursos Becados","article_modified_time":"2025-09-27T19:08:00+00:00","og_image":[{"width":640,"height":427,"url":"https:\/\/cursosbecados.com\/portal\/wp-content\/uploads\/2025\/08\/Metodos-y-Tecnicas-de-Estudio.jpg","type":"image\/jpeg"}],"twitter_card":"summary_large_image","twitter_misc":{"Tiempo de lectura":"1 minuto"},"schema":{"@context":"https:\/\/schema.org","@graph":[{"@type":"WebPage","@id":"https:\/\/cursosbecados.com\/portal\/producto\/metodos-y-tecnicas-de-estudio\/","url":"https:\/\/cursosbecados.com\/portal\/producto\/metodos-y-tecnicas-de-estudio\/","name":"METODOS Y TECNICAS DE ESTUDIO - Cursos Becados","isPartOf":{"@id":"https:\/\/cursosbecados.com\/portal\/#website"},"primaryImageOfPage":{"@id":"https:\/\/cursosbecados.com\/portal\/producto\/metodos-y-tecnicas-de-estudio\/#primaryimage"},"image":{"@id":"https:\/\/cursosbecados.com\/portal\/producto\/metodos-y-tecnicas-de-estudio\/#primaryimage"},"thumbnailUrl":"https:\/\/cursosbecados.com\/portal\/wp-content\/uploads\/2025\/08\/Metodos-y-Tecnicas-de-Estudio.jpg","datePublished":"2025-08-23T09:12:55+00:00","dateModified":"2025-09-27T19:08:00+00:00","description":"Organiza tus tareas, mejora la comprensi\u00f3n de textos, aprovecha mejor tu tiempo, utiliza diferentes m\u00e9todos y t\u00e9cnicas de estudio","breadcrumb":{"@id":"https:\/\/cursosbecados.com\/portal\/producto\/metodos-y-tecnicas-de-estudio\/#breadcrumb"},"inLanguage":"es-AR","potentialAction":[{"@type":"ReadAction","target":["https:\/\/cursosbecados.com\/portal\/producto\/metodos-y-tecnicas-de-estudio\/"]}]},{"@type":"ImageObject","inLanguage":"es-AR","@id":"https:\/\/cursosbecados.com\/portal\/producto\/metodos-y-tecnicas-de-estudio\/#primaryimage","url":"https:\/\/cursosbecados.com\/portal\/wp-content\/uploads\/2025\/08\/Metodos-y-Tecnicas-de-Estudio.jpg","contentUrl":"https:\/\/cursosbecados.com\/portal\/wp-content\/uploads\/2025\/08\/Metodos-y-Tecnicas-de-Estudio.jpg","width":640,"height":427},{"@type":"BreadcrumbList","@id":"https:\/\/cursosbecados.com\/portal\/producto\/metodos-y-tecnicas-de-estudio\/#breadcrumb","itemListElement":[{"@type":"ListItem","position":1,"name":"Home","item":"https:\/\/cursosbecados.com\/portal\/"},{"@type":"ListItem","position":2,"name":"Nuestros Cursos","item":"https:\/\/cursosbecados.com\/portal\/tienda\/"},{"@type":"ListItem","position":3,"name":"METODOS Y TECNICAS DE ESTUDIO"}]},{"@type":"WebSite","@id":"https:\/\/cursosbecados.com\/portal\/#website","url":"https:\/\/cursosbecados.com\/portal\/","name":"Cursos Becados","description":"El futuro en tus manos","potentialAction":[{"@type":"SearchAction","target":{"@type":"EntryPoint","urlTemplate":"https:\/\/cursosbecados.com\/portal\/?s={search_term_string}"},"query-input":{"@type":"PropertyValueSpecification","valueRequired":true,"valueName":"search_term_string"}}],"inLanguage":"es-AR"}]}},"_links":{"self":[{"href":"https:\/\/cursosbecados.com\/portal\/wp-json\/wp\/v2\/product\/237","targetHints":{"allow":["GET"]}}],"collection":[{"href":"https:\/\/cursosbecados.com\/portal\/wp-json\/wp\/v2\/product"}],"about":[{"href":"https:\/\/cursosbecados.com\/portal\/wp-json\/wp\/v2\/types\/product"}],"replies":[{"embeddable":true,"href":"https:\/\/cursosbecados.com\/portal\/wp-json\/wp\/v2\/comments?post=237"}],"wp:featuredmedia":[{"embeddable":true,"href":"https:\/\/cursosbecados.com\/portal\/wp-json\/wp\/v2\/media\/313"}],"wp:attachment":[{"href":"https:\/\/cursosbecados.com\/portal\/wp-json\/wp\/v2\/media?parent=237"}],"wp:term":[{"taxonomy":"product_brand","embeddable":true,"href":"https:\/\/cursosbecados.com\/portal\/wp-json\/wp\/v2\/product_brand?post=237"},{"taxonomy":"product_cat","embeddable":true,"href":"https:\/\/cursosbecados.com\/portal\/wp-json\/wp\/v2\/product_cat?post=237"},{"taxonomy":"product_tag","embeddable":true,"href":"https:\/\/cursosbecados.com\/portal\/wp-json\/wp\/v2\/product_tag?post=237"}],"curies":[{"name":"wp","href":"https:\/\/api.w.org\/{rel}","templated":true}]}}